{"id":10,"date":"2017-05-16T16:08:37","date_gmt":"2017-05-16T16:08:37","guid":{"rendered":"http:\/\/stepinacskola.azurewebsites.net\/?page_id=10"},"modified":"2017-07-28T22:06:29","modified_gmt":"2017-07-29T04:06:29","slug":"staff","status":"publish","type":"page","link":"https:\/\/kardinalstepinacchicago.org\/hr\/staff\/","title":{"rendered":"Djelatnici"},"content":{"rendered":"<p><img loading=\"lazy\" decoding=\"async\" class=\"size-medium wp-image-872 alignright lazyload\" data-src=\"\/wp-content\/uploads\/2017\/07\/IMG_1892-300x225.jpg\" alt=\"\" width=\"300\" height=\"225\" data-srcset=\"\/wp-content\/uploads\/2017\/07\/IMG_1892-300x225.jpg 300w, \/wp-content\/uploads\/2017\/07\/IMG_1892-768x576.jpg 768w, \/wp-content\/uploads\/2017\/07\/IMG_1892-1024x768.jpg 1024w, \/wp-content\/uploads\/2017\/07\/IMG_1892-360x270.jpg 360w\" data-sizes=\"auto, (max-width: 300px) 100vw, 300px\" src=\"data:image\/gif;base64,R0lGODlhAQABAAAAACH5BAEKAAEALAAAAAABAAEAAAICTAEAOw==\" style=\"--smush-placeholder-width: 300px; --smush-placeholder-aspect-ratio: 300\/225;\" \/><noscript><img loading=\"lazy\" decoding=\"async\" class=\"size-medium wp-image-872 alignright\" src=\"\/wp-content\/uploads\/2017\/07\/IMG_1892-300x225.jpg\" alt=\"\" width=\"300\" height=\"225\" srcset=\"\/wp-content\/uploads\/2017\/07\/IMG_1892-300x225.jpg 300w, \/wp-content\/uploads\/2017\/07\/IMG_1892-768x576.jpg 768w, \/wp-content\/uploads\/2017\/07\/IMG_1892-1024x768.jpg 1024w, \/wp-content\/uploads\/2017\/07\/IMG_1892-360x270.jpg 360w\" sizes=\"auto, (max-width: 300px) 100vw, 300px\" \/><\/noscript>Uz ravnateljicu i 10 vrlo zauzetih u\u010diteljica i u\u010ditelja, vrijedan rad na\u0161e \u0161kole potpoma\u017ee i na\u0161 \u0160kolski odbor, mnoge zamjenske u\u010diteljice i u\u010ditelji, pomo\u0107nici u\u010ditelja, rizni\u010dari no\u0161nje, kao i mnogi prekrasni roditelji volonteri.<\/p>\n<p>Ukoliko ste zainteresirani anga\u017eirati se kao u\u010diteljica ili u\u010ditelj, volonter ili na kakvoj drugoj funkciji, mi vas ohrabrujemo da nam se javite putem e-maila na <strong>kstepinacchicago@gmail.com<\/strong>. Bilo bi nam iznimno drago da nam se javite!<\/p>\n","protected":false},"excerpt":{"rendered":"<p>Uz ravnateljicu i 10 vrlo zauzetih u\u010diteljica i u\u010ditelja, vrijedan rad na\u0161e \u0161kole potpoma\u017ee i na\u0161 \u0160kolski odbor, mnoge zamjenske u\u010diteljice i u\u010ditelji, pomo\u0107nici u\u010ditelja, rizni\u010dari no\u0161nje, kao i mnogi prekrasni roditelji volonteri. Ukoliko ste zainteresirani anga\u017eirati se kao u\u010diteljica ili u\u010ditelj, volonter ili na kakvoj drugoj funkciji, mi vas ohrabrujemo da nam se javite [&hellip;]<\/p>\n","protected":false},"author":1,"featured_media":0,"parent":0,"menu_order":0,"comment_status":"closed","ping_status":"closed","template":"","meta":{"footnotes":""},"class_list":["post-10","page","type-page","status-publish","hentry","latest_post"],"_links":{"self":[{"href":"https:\/\/kardinalstepinacchicago.org\/hr\/wp-json\/wp\/v2\/pages\/10","targetHints":{"allow":["GET"]}}],"collection":[{"href":"https:\/\/kardinalstepinacchicago.org\/hr\/wp-json\/wp\/v2\/pages"}],"about":[{"href":"https:\/\/kardinalstepinacchicago.org\/hr\/wp-json\/wp\/v2\/types\/page"}],"author":[{"embeddable":true,"href":"https:\/\/kardinalstepinacchicago.org\/hr\/wp-json\/wp\/v2\/users\/1"}],"replies":[{"embeddable":true,"href":"https:\/\/kardinalstepinacchicago.org\/hr\/wp-json\/wp\/v2\/comments?post=10"}],"version-history":[{"count":3,"href":"https:\/\/kardinalstepinacchicago.org\/hr\/wp-json\/wp\/v2\/pages\/10\/revisions"}],"predecessor-version":[{"id":889,"href":"https:\/\/kardinalstepinacchicago.org\/hr\/wp-json\/wp\/v2\/pages\/10\/revisions\/889"}],"wp:attachment":[{"href":"https:\/\/kardinalstepinacchicago.org\/hr\/wp-json\/wp\/v2\/media?parent=10"}],"curies":[{"name":"wp","href":"https:\/\/api.w.org\/{rel}","templated":true}]}}