{"id":11,"date":"2017-05-16T16:08:38","date_gmt":"2017-05-16T16:08:38","guid":{"rendered":"http:\/\/stepinacskola.azurewebsites.net\/?page_id=11"},"modified":"2017-07-28T22:25:16","modified_gmt":"2017-07-29T04:25:16","slug":"classes","status":"publish","type":"page","link":"https:\/\/kardinalstepinacchicago.org\/hr\/classes\/","title":{"rendered":"Program"},"content":{"rendered":"<p><img loading=\"lazy\" decoding=\"async\" class=\"size-medium wp-image-749 alignright lazyload\" data-src=\"\/wp-content\/uploads\/2017\/05\/branimir-300x93.jpg\" alt=\"\" width=\"300\" height=\"93\" data-srcset=\"\/wp-content\/uploads\/2017\/05\/branimir-300x93.jpg 300w, \/wp-content\/uploads\/2017\/05\/branimir-768x239.jpg 768w, \/wp-content\/uploads\/2017\/05\/branimir.jpg 960w\" data-sizes=\"auto, (max-width: 300px) 100vw, 300px\" src=\"data:image\/gif;base64,R0lGODlhAQABAAAAACH5BAEKAAEALAAAAAABAAEAAAICTAEAOw==\" style=\"--smush-placeholder-width: 300px; --smush-placeholder-aspect-ratio: 300\/93;\" \/><noscript><img loading=\"lazy\" decoding=\"async\" class=\"size-medium wp-image-749 alignright\" src=\"\/wp-content\/uploads\/2017\/05\/branimir-300x93.jpg\" alt=\"\" width=\"300\" height=\"93\" srcset=\"\/wp-content\/uploads\/2017\/05\/branimir-300x93.jpg 300w, \/wp-content\/uploads\/2017\/05\/branimir-768x239.jpg 768w, \/wp-content\/uploads\/2017\/05\/branimir.jpg 960w\" sizes=\"auto, (max-width: 300px) 100vw, 300px\" \/><\/noscript>Program i fokus Hrvatske \u0161kole &#8220;Kardinal Stepinac&#8221; su detaljnije opisani u dijelu web stranice koji govori o <a href=\"http:\/\/kardinalstepinacchicago.org\/hr\/structure\/\">ustroju<\/a> \u0161kole. Dodatne informacije o kurikulu Hrvatske \u0161kole, te aktivnostima Kluba Stepinac su navedeni u donjem dijelu ove poveznice.<\/p>\n","protected":false},"excerpt":{"rendered":"<p>Program i fokus Hrvatske \u0161kole &#8220;Kardinal Stepinac&#8221; su detaljnije opisani u dijelu web stranice koji govori o ustroju \u0161kole. Dodatne informacije o kurikulu Hrvatske \u0161kole, te aktivnostima Kluba Stepinac su navedeni u donjem dijelu ove poveznice.<\/p>\n","protected":false},"author":1,"featured_media":0,"parent":0,"menu_order":0,"comment_status":"closed","ping_status":"closed","template":"","meta":{"footnotes":""},"class_list":["post-11","page","type-page","status-publish","hentry","latest_post"],"_links":{"self":[{"href":"https:\/\/kardinalstepinacchicago.org\/hr\/wp-json\/wp\/v2\/pages\/11","targetHints":{"allow":["GET"]}}],"collection":[{"href":"https:\/\/kardinalstepinacchicago.org\/hr\/wp-json\/wp\/v2\/pages"}],"about":[{"href":"https:\/\/kardinalstepinacchicago.org\/hr\/wp-json\/wp\/v2\/types\/page"}],"author":[{"embeddable":true,"href":"https:\/\/kardinalstepinacchicago.org\/hr\/wp-json\/wp\/v2\/users\/1"}],"replies":[{"embeddable":true,"href":"https:\/\/kardinalstepinacchicago.org\/hr\/wp-json\/wp\/v2\/comments?post=11"}],"version-history":[{"count":12,"href":"https:\/\/kardinalstepinacchicago.org\/hr\/wp-json\/wp\/v2\/pages\/11\/revisions"}],"predecessor-version":[{"id":898,"href":"https:\/\/kardinalstepinacchicago.org\/hr\/wp-json\/wp\/v2\/pages\/11\/revisions\/898"}],"wp:attachment":[{"href":"https:\/\/kardinalstepinacchicago.org\/hr\/wp-json\/wp\/v2\/media?parent=11"}],"curies":[{"name":"wp","href":"https:\/\/api.w.org\/{rel}","templated":true}]}}