{"id":13,"date":"2017-05-16T16:08:40","date_gmt":"2017-05-16T16:08:40","guid":{"rendered":"http:\/\/stepinacskola.azurewebsites.net\/?page_id=13"},"modified":"2017-07-30T22:20:03","modified_gmt":"2017-07-31T04:20:03","slug":"projects","status":"publish","type":"page","link":"https:\/\/kardinalstepinacchicago.org\/hr\/projects\/","title":{"rendered":"Projekti"},"content":{"rendered":"<p><img loading=\"lazy\" decoding=\"async\" class=\"wp-image-130 alignright lazyload\" data-src=\"\/wp-content\/uploads\/2017\/05\/IMG_2428-300x225.jpg\" alt=\"\" width=\"423\" height=\"317\" data-srcset=\"\/wp-content\/uploads\/2017\/05\/IMG_2428-300x225.jpg 300w, \/wp-content\/uploads\/2017\/05\/IMG_2428-768x576.jpg 768w, \/wp-content\/uploads\/2017\/05\/IMG_2428-1024x768.jpg 1024w\" data-sizes=\"auto, (max-width: 423px) 100vw, 423px\" src=\"data:image\/gif;base64,R0lGODlhAQABAAAAACH5BAEKAAEALAAAAAABAAEAAAICTAEAOw==\" style=\"--smush-placeholder-width: 423px; --smush-placeholder-aspect-ratio: 423\/317;\" \/><noscript><img loading=\"lazy\" decoding=\"async\" class=\" wp-image-130 alignright\" src=\"\/wp-content\/uploads\/2017\/05\/IMG_2428-300x225.jpg\" alt=\"\" width=\"423\" height=\"317\" srcset=\"\/wp-content\/uploads\/2017\/05\/IMG_2428-300x225.jpg 300w, \/wp-content\/uploads\/2017\/05\/IMG_2428-768x576.jpg 768w, \/wp-content\/uploads\/2017\/05\/IMG_2428-1024x768.jpg 1024w\" sizes=\"auto, (max-width: 423px) 100vw, 423px\" \/><\/noscript>Uz ve\u0107 uhodane godi\u0161nje projekte, izlete i nastupe, na\u0161a je \u0161kola po\u010dela raditi na novim inicijativama kako bi osigurala na\u0161im u\u010denicima razne prilike za u\u010denje jezika i kulture, te u\u010dinila da ostanu aktivno uklju\u010deni u nastavi tijekom cijele \u0161kolske godine.<\/p>\n<p>Pro\u010ditajte vi\u0161e o na\u0161im sada\u0161njim i nadolaze\u0107im projektima na stranicama pod poveznicom o projektima.<\/p>\n","protected":false},"excerpt":{"rendered":"<p>Uz ve\u0107 uhodane godi\u0161nje projekte, izlete i nastupe, na\u0161a je \u0161kola po\u010dela raditi na novim inicijativama kako bi osigurala na\u0161im u\u010denicima razne prilike za u\u010denje jezika i kulture, te u\u010dinila da ostanu aktivno uklju\u010deni u nastavi tijekom cijele \u0161kolske godine. Pro\u010ditajte vi\u0161e o na\u0161im sada\u0161njim i nadolaze\u0107im projektima na stranicama pod poveznicom o projektima.<\/p>\n","protected":false},"author":1,"featured_media":0,"parent":0,"menu_order":0,"comment_status":"closed","ping_status":"closed","template":"","meta":{"footnotes":""},"class_list":["post-13","page","type-page","status-publish","hentry","latest_post"],"_links":{"self":[{"href":"https:\/\/kardinalstepinacchicago.org\/hr\/wp-json\/wp\/v2\/pages\/13","targetHints":{"allow":["GET"]}}],"collection":[{"href":"https:\/\/kardinalstepinacchicago.org\/hr\/wp-json\/wp\/v2\/pages"}],"about":[{"href":"https:\/\/kardinalstepinacchicago.org\/hr\/wp-json\/wp\/v2\/types\/page"}],"author":[{"embeddable":true,"href":"https:\/\/kardinalstepinacchicago.org\/hr\/wp-json\/wp\/v2\/users\/1"}],"replies":[{"embeddable":true,"href":"https:\/\/kardinalstepinacchicago.org\/hr\/wp-json\/wp\/v2\/comments?post=13"}],"version-history":[{"count":5,"href":"https:\/\/kardinalstepinacchicago.org\/hr\/wp-json\/wp\/v2\/pages\/13\/revisions"}],"predecessor-version":[{"id":967,"href":"https:\/\/kardinalstepinacchicago.org\/hr\/wp-json\/wp\/v2\/pages\/13\/revisions\/967"}],"wp:attachment":[{"href":"https:\/\/kardinalstepinacchicago.org\/hr\/wp-json\/wp\/v2\/media?parent=13"}],"curies":[{"name":"wp","href":"https:\/\/api.w.org\/{rel}","templated":true}]}}