{"id":1357,"date":"2018-09-23T19:50:21","date_gmt":"2018-09-24T01:50:21","guid":{"rendered":"http:\/\/kardinalstepinacchicago.org\/?page_id=1357"},"modified":"2018-09-24T13:18:07","modified_gmt":"2018-09-24T19:18:07","slug":"project-roots","status":"publish","type":"page","link":"https:\/\/kardinalstepinacchicago.org\/hr\/projects\/project-roots\/","title":{"rendered":"Projekt &#8220;Korijeni&#8221;"},"content":{"rendered":"<p><img loading=\"lazy\" decoding=\"async\" class=\"size-medium wp-image-1384 alignright lazyload\" data-src=\"\/wp-content\/uploads\/2018\/09\/korijeni-2-300x225.jpg\" alt=\"\" width=\"300\" height=\"225\" data-srcset=\"\/wp-content\/uploads\/2018\/09\/korijeni-2-300x225.jpg 300w, \/wp-content\/uploads\/2018\/09\/korijeni-2-768x576.jpg 768w, \/wp-content\/uploads\/2018\/09\/korijeni-2-360x270.jpg 360w, \/wp-content\/uploads\/2018\/09\/korijeni-2.jpg 800w\" data-sizes=\"auto, (max-width: 300px) 100vw, 300px\" src=\"data:image\/gif;base64,R0lGODlhAQABAAAAACH5BAEKAAEALAAAAAABAAEAAAICTAEAOw==\" style=\"--smush-placeholder-width: 300px; --smush-placeholder-aspect-ratio: 300\/225;\" \/><noscript><img loading=\"lazy\" decoding=\"async\" class=\"size-medium wp-image-1384 alignright\" src=\"\/wp-content\/uploads\/2018\/09\/korijeni-2-300x225.jpg\" alt=\"\" width=\"300\" height=\"225\" srcset=\"\/wp-content\/uploads\/2018\/09\/korijeni-2-300x225.jpg 300w, \/wp-content\/uploads\/2018\/09\/korijeni-2-768x576.jpg 768w, \/wp-content\/uploads\/2018\/09\/korijeni-2-360x270.jpg 360w, \/wp-content\/uploads\/2018\/09\/korijeni-2.jpg 800w\" sizes=\"auto, (max-width: 300px) 100vw, 300px\" \/><\/noscript>Od 2017. godine, na\u0161a \u0161kola je uklju\u010dena u pilot projekt suradnje domovinskih i iseljeni\u010dkih \u0161kola pod nazivom Korijeni. Projekt je inicirao Sredi\u0161nji dr\u017eavni ured za Hrvate izvan Republike Hrvatske.\u00a0Cilj projekta Korijeni, izme\u0111u ostalog je, me\u0111usobno upoznavanje i zbli\u017eavanje djece iz Republike Hrvatske, BiH i iseljeni\u0161tva u osnovno\u0161kolskoj dobi, radi ja\u010danja svijesti o nedjeljivosti hrvatskog naroda i poticanja njegovog zajedni\u0161tva, ali i svladavanja komunikacijskih barijera izme\u0111u Hrvata u RH i izvan nje, poglavito me\u0111u najmla\u0111im generacijama.<\/p>\n<p>U projektu sudje<img loading=\"lazy\" decoding=\"async\" class=\"size-medium wp-image-1383 alignleft lazyload\" data-src=\"\/wp-content\/uploads\/2018\/09\/korijeni-1-300x225.jpg\" alt=\"\" width=\"300\" height=\"225\" data-srcset=\"\/wp-content\/uploads\/2018\/09\/korijeni-1-300x225.jpg 300w, \/wp-content\/uploads\/2018\/09\/korijeni-1-768x576.jpg 768w, \/wp-content\/uploads\/2018\/09\/korijeni-1-360x270.jpg 360w, \/wp-content\/uploads\/2018\/09\/korijeni-1.jpg 800w\" data-sizes=\"auto, (max-width: 300px) 100vw, 300px\" src=\"data:image\/gif;base64,R0lGODlhAQABAAAAACH5BAEKAAEALAAAAAABAAEAAAICTAEAOw==\" style=\"--smush-placeholder-width: 300px; --smush-placeholder-aspect-ratio: 300\/225;\" \/><noscript><img loading=\"lazy\" decoding=\"async\" class=\"size-medium wp-image-1383 alignleft\" src=\"\/wp-content\/uploads\/2018\/09\/korijeni-1-300x225.jpg\" alt=\"\" width=\"300\" height=\"225\" srcset=\"\/wp-content\/uploads\/2018\/09\/korijeni-1-300x225.jpg 300w, \/wp-content\/uploads\/2018\/09\/korijeni-1-768x576.jpg 768w, \/wp-content\/uploads\/2018\/09\/korijeni-1-360x270.jpg 360w, \/wp-content\/uploads\/2018\/09\/korijeni-1.jpg 800w\" sizes=\"auto, (max-width: 300px) 100vw, 300px\" \/><\/noscript>luju sve tri Hrvatske \u0161kole iz Chicaga &#8211; Kardinal Stepinac, Hrvatski kulturni centar, te Presveto Srce Isusovo, O\u0160 &#8220;Dragutin Tadijanovi\u0107&#8221; iz Vukovara, te Prva osnovna \u0161kola \u0160iroki Brijeg.<\/p>\n<p><a href=\"https:\/\/mojahrvatska.vecernji.hr\/vijesti\/vukovar-siroki-brijeg-korijeni-tamburica-chicago-1229112\">\u0160to spaja Vukovar, \u0160iroki Brijeg i Chicago? (\u010clanak Ve\u010dernjeg lista o projektu Korijeni objavljen na portalu Moja Domovina)<\/a><\/p>\n","protected":false},"excerpt":{"rendered":"<p>Od 2017. godine, na\u0161a \u0161kola je uklju\u010dena u pilot projekt suradnje domovinskih i iseljeni\u010dkih \u0161kola pod nazivom Korijeni. Projekt je inicirao Sredi\u0161nji dr\u017eavni ured za Hrvate izvan Republike Hrvatske.\u00a0Cilj projekta Korijeni, izme\u0111u ostalog je, me\u0111usobno upoznavanje i zbli\u017eavanje djece iz Republike Hrvatske, BiH i iseljeni\u0161tva u osnovno\u0161kolskoj dobi, radi ja\u010danja svijesti o nedjeljivosti hrvatskog naroda [&hellip;]<\/p>\n","protected":false},"author":5,"featured_media":0,"parent":13,"menu_order":0,"comment_status":"closed","ping_status":"closed","template":"","meta":{"footnotes":""},"class_list":["post-1357","page","type-page","status-publish","hentry","latest_post"],"_links":{"self":[{"href":"https:\/\/kardinalstepinacchicago.org\/hr\/wp-json\/wp\/v2\/pages\/1357","targetHints":{"allow":["GET"]}}],"collection":[{"href":"https:\/\/kardinalstepinacchicago.org\/hr\/wp-json\/wp\/v2\/pages"}],"about":[{"href":"https:\/\/kardinalstepinacchicago.org\/hr\/wp-json\/wp\/v2\/types\/page"}],"author":[{"embeddable":true,"href":"https:\/\/kardinalstepinacchicago.org\/hr\/wp-json\/wp\/v2\/users\/5"}],"replies":[{"embeddable":true,"href":"https:\/\/kardinalstepinacchicago.org\/hr\/wp-json\/wp\/v2\/comments?post=1357"}],"version-history":[{"count":16,"href":"https:\/\/kardinalstepinacchicago.org\/hr\/wp-json\/wp\/v2\/pages\/1357\/revisions"}],"predecessor-version":[{"id":1393,"href":"https:\/\/kardinalstepinacchicago.org\/hr\/wp-json\/wp\/v2\/pages\/1357\/revisions\/1393"}],"up":[{"embeddable":true,"href":"https:\/\/kardinalstepinacchicago.org\/hr\/wp-json\/wp\/v2\/pages\/13"}],"wp:attachment":[{"href":"https:\/\/kardinalstepinacchicago.org\/hr\/wp-json\/wp\/v2\/media?parent=1357"}],"curies":[{"name":"wp","href":"https:\/\/api.w.org\/{rel}","templated":true}]}}