{"id":1403,"date":"2019-01-17T21:40:15","date_gmt":"2019-01-18T03:40:15","guid":{"rendered":"http:\/\/kardinalstepinacchicago.org\/?page_id=1403"},"modified":"2019-01-17T22:15:46","modified_gmt":"2019-01-18T04:15:46","slug":"new-folk-costumes","status":"publish","type":"page","link":"https:\/\/kardinalstepinacchicago.org\/hr\/projects\/new-folk-costumes\/","title":{"rendered":"Nova narodna no\u0161nja"},"content":{"rendered":"<p><img loading=\"lazy\" decoding=\"async\" class=\"alignnone size-medium wp-image-1408 lazyload\" data-src=\"\/wp-content\/uploads\/2019\/01\/sredisnji-ured-logo-300x250.jpg\" alt=\"\" width=\"300\" height=\"250\" data-srcset=\"\/wp-content\/uploads\/2019\/01\/sredisnji-ured-logo-300x250.jpg 300w, \/wp-content\/uploads\/2019\/01\/sredisnji-ured-logo-85x70.jpg 85w, \/wp-content\/uploads\/2019\/01\/sredisnji-ured-logo.jpg 541w\" data-sizes=\"auto, (max-width: 300px) 100vw, 300px\" src=\"data:image\/gif;base64,R0lGODlhAQABAAAAACH5BAEKAAEALAAAAAABAAEAAAICTAEAOw==\" style=\"--smush-placeholder-width: 300px; --smush-placeholder-aspect-ratio: 300\/250;\" \/><noscript><img loading=\"lazy\" decoding=\"async\" class=\"alignnone size-medium wp-image-1408\" src=\"\/wp-content\/uploads\/2019\/01\/sredisnji-ured-logo-300x250.jpg\" alt=\"\" width=\"300\" height=\"250\" srcset=\"\/wp-content\/uploads\/2019\/01\/sredisnji-ured-logo-300x250.jpg 300w, \/wp-content\/uploads\/2019\/01\/sredisnji-ured-logo-85x70.jpg 85w, \/wp-content\/uploads\/2019\/01\/sredisnji-ured-logo.jpg 541w\" sizes=\"auto, (max-width: 300px) 100vw, 300px\" \/><\/noscript><\/p>\n<p>Koncem 2017. godine Hrvatska \u0161kola &#8220;Kardinal Stepinac&#8221; je odlu\u010dila provesti zna\u010dajan projekt obnove fundusa hrvatske narodne no\u0161nje za na\u0161u djecu od vrti\u0107ke dobi do 8. razreda. Cilj na\u0161ega projekta je bio kupiti regionalno vi\u0161enamjensku no\u0161nju od odgovaraju\u0107eg obrtnika u Republici Hrvatskoj. Naime, na\u0161i u\u010denici u\u010de plesati plesove i kola iz sve \u010detiri folklorne regije u Republici Hrvatskoj (alpske, panonske, dinarske i jadranske), te nam je bila zamisao zamijeniti postoje\u0107u dotrajalu, regionalno jednonamjensku no\u0161nju kupnjom osnovne, regionalno neutralne no\u0161nje uz pripadaju\u0107u dodatnu opremu (marame, \u0161alove, kape, \u0161e\u0161ire, nakit, remene, prega\u010de, \u010darape, itd.), koja bi preina\u010dila istu u no\u0161nju jedne od navedenih hrvatskih folklornih regija. Takva konfiguracija kompleta no\u0161nji bi osigurala skladnost izme\u0111u odjevnih predmeta i same plesne izvedbe, te primjereno predstavljanje vi\u0161e folkornih regija Hrvatske. Isto tako, cilj nam je bio da kupnjom gore opisane no\u0161nje u Republici Hrvatskoj umjesto u SAD-u, potpomognemo male obrtnike u Republici Hrvatskoj.<\/p>\n<p>Sam projekt se sastojao od nekoliko faza: izrada skica \u017eeljene no\u0161nje i opreme, odabir ugovornika u Republici Hrvatskoj koji \u0107e izraditi ogledne primjerke, evaluacija oglednih primjeraka od strane \u0161kole, te kona\u010dna izrada svih naru\u010denih kompleta i dostava istih u SAD.<\/p>\n<p>Nakon dugotrajnog i marljivog rada na ovome projektu, iznimno se veselimo objaviti da nam je nova narodna no\u0161nja stigla u Chicago u sije\u010dnju 2019. godine! Velika hvala svim na\u0161im \u010dlanovima koji su neumorno radili na ovome projektu, a posebno se zahvaljujemo <a href=\"http:\/\/www.hrvatiizvanrh.hr\/\"><strong>Sredi\u0161njem dr\u017eavnom uredu za Hrvate izvan Republike Hrvatske<\/strong><\/a> uz \u010diju je financijsku potporu ovaj projekt i proveden.<\/p>\n<p><img loading=\"lazy\" decoding=\"async\" class=\"alignnone wp-image-1406 lazyload\" data-src=\"\/wp-content\/uploads\/2019\/01\/IMG_3403-300x269.jpg\" alt=\"\" width=\"291\" height=\"261\" data-srcset=\"\/wp-content\/uploads\/2019\/01\/IMG_3403-300x269.jpg 300w, \/wp-content\/uploads\/2019\/01\/IMG_3403-768x689.jpg 768w, \/wp-content\/uploads\/2019\/01\/IMG_3403-1024x919.jpg 1024w\" data-sizes=\"auto, (max-width: 291px) 100vw, 291px\" src=\"data:image\/gif;base64,R0lGODlhAQABAAAAACH5BAEKAAEALAAAAAABAAEAAAICTAEAOw==\" style=\"--smush-placeholder-width: 291px; --smush-placeholder-aspect-ratio: 291\/261;\" \/><noscript><img loading=\"lazy\" decoding=\"async\" class=\"alignnone wp-image-1406\" src=\"\/wp-content\/uploads\/2019\/01\/IMG_3403-300x269.jpg\" alt=\"\" width=\"291\" height=\"261\" srcset=\"\/wp-content\/uploads\/2019\/01\/IMG_3403-300x269.jpg 300w, \/wp-content\/uploads\/2019\/01\/IMG_3403-768x689.jpg 768w, \/wp-content\/uploads\/2019\/01\/IMG_3403-1024x919.jpg 1024w\" sizes=\"auto, (max-width: 291px) 100vw, 291px\" \/><\/noscript>\u00a0\u00a0\u00a0<img loading=\"lazy\" decoding=\"async\" class=\"alignnone wp-image-1407 lazyload\" data-src=\"\/wp-content\/uploads\/2019\/01\/IMG_3407-300x300.jpg\" alt=\"\" width=\"259\" height=\"259\" data-srcset=\"\/wp-content\/uploads\/2019\/01\/IMG_3407-300x300.jpg 300w, \/wp-content\/uploads\/2019\/01\/IMG_3407-150x150.jpg 150w, \/wp-content\/uploads\/2019\/01\/IMG_3407-768x768.jpg 768w, \/wp-content\/uploads\/2019\/01\/IMG_3407-1024x1024.jpg 1024w, \/wp-content\/uploads\/2019\/01\/IMG_3407-130x130.jpg 130w, \/wp-content\/uploads\/2019\/01\/IMG_3407-85x85.jpg 85w, \/wp-content\/uploads\/2019\/01\/IMG_3407-246x246.jpg 246w, \/wp-content\/uploads\/2019\/01\/IMG_3407-275x275.jpg 275w\" data-sizes=\"auto, (max-width: 259px) 100vw, 259px\" src=\"data:image\/gif;base64,R0lGODlhAQABAAAAACH5BAEKAAEALAAAAAABAAEAAAICTAEAOw==\" style=\"--smush-placeholder-width: 259px; --smush-placeholder-aspect-ratio: 259\/259;\" \/><noscript><img loading=\"lazy\" decoding=\"async\" class=\"alignnone wp-image-1407\" src=\"\/wp-content\/uploads\/2019\/01\/IMG_3407-300x300.jpg\" alt=\"\" width=\"259\" height=\"259\" srcset=\"\/wp-content\/uploads\/2019\/01\/IMG_3407-300x300.jpg 300w, \/wp-content\/uploads\/2019\/01\/IMG_3407-150x150.jpg 150w, \/wp-content\/uploads\/2019\/01\/IMG_3407-768x768.jpg 768w, \/wp-content\/uploads\/2019\/01\/IMG_3407-1024x1024.jpg 1024w, \/wp-content\/uploads\/2019\/01\/IMG_3407-130x130.jpg 130w, \/wp-content\/uploads\/2019\/01\/IMG_3407-85x85.jpg 85w, \/wp-content\/uploads\/2019\/01\/IMG_3407-246x246.jpg 246w, \/wp-content\/uploads\/2019\/01\/IMG_3407-275x275.jpg 275w\" sizes=\"auto, (max-width: 259px) 100vw, 259px\" \/><\/noscript>\u00a0 \u00a0 \u00a0 \u00a0 \u00a0\u00a0<img loading=\"lazy\" decoding=\"async\" class=\"alignnone wp-image-1405 lazyload\" data-src=\"\/wp-content\/uploads\/2019\/01\/IMG_3408-300x243.jpg\" alt=\"\" width=\"316\" height=\"256\" data-srcset=\"\/wp-content\/uploads\/2019\/01\/IMG_3408-300x243.jpg 300w, \/wp-content\/uploads\/2019\/01\/IMG_3408-768x621.jpg 768w, \/wp-content\/uploads\/2019\/01\/IMG_3408-1024x828.jpg 1024w, \/wp-content\/uploads\/2019\/01\/IMG_3408-85x70.jpg 85w\" data-sizes=\"auto, (max-width: 316px) 100vw, 316px\" src=\"data:image\/gif;base64,R0lGODlhAQABAAAAACH5BAEKAAEALAAAAAABAAEAAAICTAEAOw==\" style=\"--smush-placeholder-width: 316px; --smush-placeholder-aspect-ratio: 316\/256;\" \/><noscript><img loading=\"lazy\" decoding=\"async\" class=\"alignnone wp-image-1405\" src=\"\/wp-content\/uploads\/2019\/01\/IMG_3408-300x243.jpg\" alt=\"\" width=\"316\" height=\"256\" srcset=\"\/wp-content\/uploads\/2019\/01\/IMG_3408-300x243.jpg 300w, \/wp-content\/uploads\/2019\/01\/IMG_3408-768x621.jpg 768w, \/wp-content\/uploads\/2019\/01\/IMG_3408-1024x828.jpg 1024w, \/wp-content\/uploads\/2019\/01\/IMG_3408-85x70.jpg 85w\" sizes=\"auto, (max-width: 316px) 100vw, 316px\" \/><\/noscript><\/p>\n","protected":false},"excerpt":{"rendered":"<p>Koncem 2017. godine Hrvatska \u0161kola &#8220;Kardinal Stepinac&#8221; je odlu\u010dila provesti zna\u010dajan projekt obnove fundusa hrvatske narodne no\u0161nje za na\u0161u djecu od vrti\u0107ke dobi do 8. razreda. Cilj na\u0161ega projekta je bio kupiti regionalno vi\u0161enamjensku no\u0161nju od odgovaraju\u0107eg obrtnika u Republici Hrvatskoj. Naime, na\u0161i u\u010denici u\u010de plesati plesove i kola iz sve \u010detiri folklorne regije u [&hellip;]<\/p>\n","protected":false},"author":5,"featured_media":0,"parent":13,"menu_order":0,"comment_status":"closed","ping_status":"closed","template":"","meta":{"footnotes":""},"class_list":["post-1403","page","type-page","status-publish","hentry","latest_post"],"_links":{"self":[{"href":"https:\/\/kardinalstepinacchicago.org\/hr\/wp-json\/wp\/v2\/pages\/1403","targetHints":{"allow":["GET"]}}],"collection":[{"href":"https:\/\/kardinalstepinacchicago.org\/hr\/wp-json\/wp\/v2\/pages"}],"about":[{"href":"https:\/\/kardinalstepinacchicago.org\/hr\/wp-json\/wp\/v2\/types\/page"}],"author":[{"embeddable":true,"href":"https:\/\/kardinalstepinacchicago.org\/hr\/wp-json\/wp\/v2\/users\/5"}],"replies":[{"embeddable":true,"href":"https:\/\/kardinalstepinacchicago.org\/hr\/wp-json\/wp\/v2\/comments?post=1403"}],"version-history":[{"count":5,"href":"https:\/\/kardinalstepinacchicago.org\/hr\/wp-json\/wp\/v2\/pages\/1403\/revisions"}],"predecessor-version":[{"id":1413,"href":"https:\/\/kardinalstepinacchicago.org\/hr\/wp-json\/wp\/v2\/pages\/1403\/revisions\/1413"}],"up":[{"embeddable":true,"href":"https:\/\/kardinalstepinacchicago.org\/hr\/wp-json\/wp\/v2\/pages\/13"}],"wp:attachment":[{"href":"https:\/\/kardinalstepinacchicago.org\/hr\/wp-json\/wp\/v2\/media?parent=1403"}],"curies":[{"name":"wp","href":"https:\/\/api.w.org\/{rel}","templated":true}]}}