{"id":15,"date":"2017-05-16T16:08:41","date_gmt":"2017-05-16T16:08:41","guid":{"rendered":"http:\/\/stepinacskola.azurewebsites.net\/?page_id=15"},"modified":"2020-02-28T20:27:04","modified_gmt":"2020-02-29T02:27:04","slug":"news-and-events","status":"publish","type":"page","link":"https:\/\/kardinalstepinacchicago.org\/hr\/news-and-events\/","title":{"rendered":"Vijesti i doga\u0111aji"},"content":{"rendered":"<p><strong>Maj\u010din dan &#8211; Sveta misa, ru\u010dak i program<img loading=\"lazy\" decoding=\"async\" class=\"alignnone wp-image-1423 alignright lazyload\" data-src=\"\/wp-content\/uploads\/2019\/03\/majcin-dan-300x159.jpg\" alt=\"\" width=\"432\" height=\"229\" data-srcset=\"\/wp-content\/uploads\/2019\/03\/majcin-dan-300x159.jpg 300w, \/wp-content\/uploads\/2019\/03\/majcin-dan-768x407.jpg 768w, \/wp-content\/uploads\/2019\/03\/majcin-dan.jpg 850w\" data-sizes=\"auto, (max-width: 432px) 100vw, 432px\" src=\"data:image\/gif;base64,R0lGODlhAQABAAAAACH5BAEKAAEALAAAAAABAAEAAAICTAEAOw==\" style=\"--smush-placeholder-width: 432px; --smush-placeholder-aspect-ratio: 432\/229;\" \/><noscript><img loading=\"lazy\" decoding=\"async\" class=\"alignnone wp-image-1423 alignright\" src=\"\/wp-content\/uploads\/2019\/03\/majcin-dan-300x159.jpg\" alt=\"\" width=\"432\" height=\"229\" srcset=\"\/wp-content\/uploads\/2019\/03\/majcin-dan-300x159.jpg 300w, \/wp-content\/uploads\/2019\/03\/majcin-dan-768x407.jpg 768w, \/wp-content\/uploads\/2019\/03\/majcin-dan.jpg 850w\" sizes=\"auto, (max-width: 432px) 100vw, 432px\" \/><\/noscript><\/strong><\/p>\n<p>Pridru\u017eite nam se na proslavi Maj\u010dinog dana 10. svibnja, 2020. Uskoro vi\u0161e detalja o ovom doga\u0111aju!<\/p>\n<p>&nbsp;<\/p>\n<p>&nbsp;<\/p>\n<p>&nbsp;<\/p>\n","protected":false},"excerpt":{"rendered":"<p>Maj\u010din dan &#8211; Sveta misa, ru\u010dak i program Pridru\u017eite nam se na proslavi Maj\u010dinog dana 10. svibnja, 2020. Uskoro vi\u0161e detalja o ovom doga\u0111aju! &nbsp; &nbsp; &nbsp;<\/p>\n","protected":false},"author":1,"featured_media":0,"parent":0,"menu_order":0,"comment_status":"closed","ping_status":"closed","template":"","meta":{"footnotes":""},"class_list":["post-15","page","type-page","status-publish","hentry","latest_post"],"_links":{"self":[{"href":"https:\/\/kardinalstepinacchicago.org\/hr\/wp-json\/wp\/v2\/pages\/15","targetHints":{"allow":["GET"]}}],"collection":[{"href":"https:\/\/kardinalstepinacchicago.org\/hr\/wp-json\/wp\/v2\/pages"}],"about":[{"href":"https:\/\/kardinalstepinacchicago.org\/hr\/wp-json\/wp\/v2\/types\/page"}],"author":[{"embeddable":true,"href":"https:\/\/kardinalstepinacchicago.org\/hr\/wp-json\/wp\/v2\/users\/1"}],"replies":[{"embeddable":true,"href":"https:\/\/kardinalstepinacchicago.org\/hr\/wp-json\/wp\/v2\/comments?post=15"}],"version-history":[{"count":85,"href":"https:\/\/kardinalstepinacchicago.org\/hr\/wp-json\/wp\/v2\/pages\/15\/revisions"}],"predecessor-version":[{"id":1448,"href":"https:\/\/kardinalstepinacchicago.org\/hr\/wp-json\/wp\/v2\/pages\/15\/revisions\/1448"}],"wp:attachment":[{"href":"https:\/\/kardinalstepinacchicago.org\/hr\/wp-json\/wp\/v2\/media?parent=15"}],"curies":[{"name":"wp","href":"https:\/\/api.w.org\/{rel}","templated":true}]}}