{"id":18,"date":"2017-05-16T16:08:44","date_gmt":"2017-05-16T16:08:44","guid":{"rendered":"http:\/\/stepinacskola.azurewebsites.net\/?page_id=18"},"modified":"2017-07-28T21:47:09","modified_gmt":"2017-07-29T03:47:09","slug":"club-stepinac","status":"publish","type":"page","link":"https:\/\/kardinalstepinacchicago.org\/hr\/club-stepinac\/","title":{"rendered":"Klub Stepinac"},"content":{"rendered":"<p><img loading=\"lazy\" decoding=\"async\" class=\"size-medium wp-image-874 alignright lazyload\" data-src=\"\/wp-content\/uploads\/2017\/07\/IMG_1624-300x225.jpg\" alt=\"\" width=\"300\" height=\"225\" data-srcset=\"\/wp-content\/uploads\/2017\/07\/IMG_1624-300x225.jpg 300w, \/wp-content\/uploads\/2017\/07\/IMG_1624-768x576.jpg 768w, \/wp-content\/uploads\/2017\/07\/IMG_1624-1024x768.jpg 1024w, \/wp-content\/uploads\/2017\/07\/IMG_1624-360x270.jpg 360w\" data-sizes=\"auto, (max-width: 300px) 100vw, 300px\" src=\"data:image\/gif;base64,R0lGODlhAQABAAAAACH5BAEKAAEALAAAAAABAAEAAAICTAEAOw==\" style=\"--smush-placeholder-width: 300px; --smush-placeholder-aspect-ratio: 300\/225;\" \/><noscript><img loading=\"lazy\" decoding=\"async\" class=\"size-medium wp-image-874 alignright\" src=\"\/wp-content\/uploads\/2017\/07\/IMG_1624-300x225.jpg\" alt=\"\" width=\"300\" height=\"225\" srcset=\"\/wp-content\/uploads\/2017\/07\/IMG_1624-300x225.jpg 300w, \/wp-content\/uploads\/2017\/07\/IMG_1624-768x576.jpg 768w, \/wp-content\/uploads\/2017\/07\/IMG_1624-1024x768.jpg 1024w, \/wp-content\/uploads\/2017\/07\/IMG_1624-360x270.jpg 360w\" sizes=\"auto, (max-width: 300px) 100vw, 300px\" \/><\/noscript>Plesna je skupina mlade\u017ei Klub Stepinac osnovana 1988. godine, te predstavlja dio Hrvatske \u0161kole &#8220;Kardinal Stepinac&#8221;. Njezina je osnovna zada\u0107a da njeguje hrvatsku tradicijsku kulturu kroz plesove i pjesme, koje se prenose na mla\u0111e generacije. Uz to, cilj Kluba Stepinac je da slu\u017ei kao mjesto okupljanja za na\u0161e mlade, koji su zavr\u0161ili osnovno\u0161kolsko obrazovanje, kao i da predstavljaju hrvatsku zajednicu i \u017eupu sv. Jeronima na raznim javnim doga\u0111ajima i nastupima.<\/p>\n<p>Klub Stepinac je nastupao na mnogim javnim doga\u0111ajima, okupljanjima, festivalima, obljetnicama, te u raznim drugim prilikama kao \u0161to su Hrvatsko-kanadski festival folklora, Festival 5 kardinala, Hrvatsko-ameri\u010dki dani na \u010dika\u0161kom trgu Daley Plaza, Bo\u017ei\u0107 diljem svijeta u \u010dika\u0161kom Muzeju znanosti i industrije, Festivalu svjetala u Chicagu, Me\u0111unarodnom festivalu folklora u Zagrebu, \u0110akova\u010dkim vezovima u \u0110akovu, Festivalu folklora u Splitu, te na drugim mjestima.<\/p>\n<p>Ova je ugledna plesna skupina mladih dokazala svoju kvalitetu u mnogim gradovima diljem Sjedinjenih dr\u017eava, Kanade, Hrvatske i Bosne i Hercegovine, a mi smo ponosni da nosi ime na\u0161e \u0161kole.<\/p>\n<p>Dolje mo\u017eete pogledati samo par prekrasnih nastupa na\u0161ega Kluba Stepinac!<\/p>\n<p><iframe loading=\"lazy\" width=\"730\" height=\"548\" data-src=\"https:\/\/www.youtube.com\/embed\/T4ChKbPiZpQ?feature=oembed\" frameborder=\"0\" allowfullscreen src=\"data:image\/gif;base64,R0lGODlhAQABAAAAACH5BAEKAAEALAAAAAABAAEAAAICTAEAOw==\" class=\"lazyload\" data-load-mode=\"1\"><\/iframe><\/p>\n<p><iframe loading=\"lazy\" width=\"730\" height=\"548\" data-src=\"https:\/\/www.youtube.com\/embed\/UPhPTjiR__o?feature=oembed\" frameborder=\"0\" allowfullscreen src=\"data:image\/gif;base64,R0lGODlhAQABAAAAACH5BAEKAAEALAAAAAABAAEAAAICTAEAOw==\" class=\"lazyload\" data-load-mode=\"1\"><\/iframe><\/p>\n","protected":false},"excerpt":{"rendered":"<p>Plesna je skupina mlade\u017ei Klub Stepinac osnovana 1988. godine, te predstavlja dio Hrvatske \u0161kole &#8220;Kardinal Stepinac&#8221;. Njezina je osnovna zada\u0107a da njeguje hrvatsku tradicijsku kulturu kroz plesove i pjesme, koje se prenose na mla\u0111e generacije. Uz to, cilj Kluba Stepinac je da slu\u017ei kao mjesto okupljanja za na\u0161e mlade, koji su zavr\u0161ili osnovno\u0161kolsko obrazovanje, kao [&hellip;]<\/p>\n","protected":false},"author":1,"featured_media":0,"parent":0,"menu_order":0,"comment_status":"closed","ping_status":"closed","template":"","meta":{"footnotes":""},"class_list":["post-18","page","type-page","status-publish","hentry","latest_post"],"_links":{"self":[{"href":"https:\/\/kardinalstepinacchicago.org\/hr\/wp-json\/wp\/v2\/pages\/18","targetHints":{"allow":["GET"]}}],"collection":[{"href":"https:\/\/kardinalstepinacchicago.org\/hr\/wp-json\/wp\/v2\/pages"}],"about":[{"href":"https:\/\/kardinalstepinacchicago.org\/hr\/wp-json\/wp\/v2\/types\/page"}],"author":[{"embeddable":true,"href":"https:\/\/kardinalstepinacchicago.org\/hr\/wp-json\/wp\/v2\/users\/1"}],"replies":[{"embeddable":true,"href":"https:\/\/kardinalstepinacchicago.org\/hr\/wp-json\/wp\/v2\/comments?post=18"}],"version-history":[{"count":13,"href":"https:\/\/kardinalstepinacchicago.org\/hr\/wp-json\/wp\/v2\/pages\/18\/revisions"}],"predecessor-version":[{"id":888,"href":"https:\/\/kardinalstepinacchicago.org\/hr\/wp-json\/wp\/v2\/pages\/18\/revisions\/888"}],"wp:attachment":[{"href":"https:\/\/kardinalstepinacchicago.org\/hr\/wp-json\/wp\/v2\/media?parent=18"}],"curies":[{"name":"wp","href":"https:\/\/api.w.org\/{rel}","templated":true}]}}