{"id":219,"date":"2017-05-25T10:25:23","date_gmt":"2017-05-25T16:25:23","guid":{"rendered":"http:\/\/stepinacskola.azurewebsites.net\/?page_id=219"},"modified":"2017-07-31T23:04:08","modified_gmt":"2017-08-01T05:04:08","slug":"links","status":"publish","type":"page","link":"https:\/\/kardinalstepinacchicago.org\/hr\/news-and-events\/links\/","title":{"rendered":"Poveznice"},"content":{"rendered":"<p><b>O Hrvatskoj<\/b><\/p>\n<p><a href=\"http:\/\/croatia.eu\/\">Hrvatska: Zemlja i ljudi<\/a><br \/>\n<a href=\"http:\/\/www.croatia.hr\/hr-HR\">Hrvatska turisti\u010dka zajednica<\/a><\/p>\n<p><b>O Hrvatima u iseljeni\u0161tvu<\/b><\/p>\n<p><a href=\"http:\/\/www.hrvatiizvanrh.hr\/hr\">Sredi\u0161nji dr\u017eavni ured za Hrvate izvan Republike Hrvatske<\/a><br \/>\n<a href=\"http:\/\/www.matis.hr\/index.php\/hr\/\">Hrvatska matica iseljenika<\/a><\/p>\n<p><b>Hrvatske dopunske \u0161kole u Sjedinjenim ameri\u010dkim dr\u017eavama<\/b><\/p>\n<p><a href=\"https:\/\/kardinalstepinacchicago.org\/hr\/\">Hrvatska \u0161kola Kardinal Stepinac, Chicago, IL<\/a><br \/>\n<a href=\"https:\/\/www.facebook.com\/hrvatskaskolachicago\/\">Hrvatska \u0161kola Hrvatski kulturni centar, Chicago, IL<\/a><br \/>\n<a href=\"https:\/\/www.facebook.com\/SacredHeartCroatian\/\">Hrvatska \u0161kola Presveto srce, Chicago, IL<\/a><br \/>\n<a href=\"http:\/\/croatianchurchnewyork.org\/school352kola.html\">Hrvatska \u0161kola Kardinal Stepinac, New York City, NY<\/a><br \/>\n<a href=\"https:\/\/www.facebook.com\/blivan.merz.1\">Hrvatska \u0161kola &#8211; Astoria, Astoria, NY<\/a><br \/>\n<a href=\"http:\/\/www.shcriverton.org\/\">Crkva Presvetog srca, Riverton, NJ<\/a><br \/>\n<a href=\"http:\/\/www.croatianschoolofboston.org\/\">Hrvatska \u0161kola Bostona, Boston, MA<\/a><br \/>\n<a href=\"http:\/\/www.aod.org\/parishes\/locations\/St-Lucy-Parish-Croatian-American-ID-847\/\">Hrvatska katoli\u010dka crkva Sv. Lucije, Troy, MI<\/a><br \/>\n<a href=\"http:\/\/stpaulcroatianchurch.org\/\">Hrvatska \u0161kola, Cleveland, OH<\/a><br \/>\n<a href=\"http:\/\/www.sacredheartmilwaukee.org\/\">Hrvatska \u0161kola Presvetog srca, Milwaukee, WI<\/a><br \/>\n<a href=\"http:\/\/www.stjosephcroatiancatholicchurch.com\/\">Hrvatska dje\u010dja \u0161kola sv. Josipa, St. Louis, MO<\/a><br \/>\n<a href=\"https:\/\/www.facebook.com\/croatianschoolofhouston\">Hrvatska \u0161kola Houstona, Houston, TX<\/a><br \/>\n<a href=\"http:\/\/www.croatianchurch.org\/structure.htm\">Hrvatska \u0161kola sv. Ante, Los Angeles, CA<\/a><br \/>\n<a href=\"http:\/\/www.croatianamericanclub.com\/\">Hrvatska \u0161kola Marija zvijezda, San Pedro, CA<\/a><br \/>\n<a href=\"http:\/\/croatiala.org\/index.html\">\u0160kola Hrvatskog kulturnog centra, San Pedro, CA<\/a><br \/>\n<a href=\"https:\/\/www.facebook.com\/CroatianCatholicChurch\/\">Hrvatska misija Uznesenja Marijina, San Jose, CA<\/a><br \/>\n<a href=\"https:\/\/seattlejuniortammies.org\/about\/history\">Hrvatska \u0161kola, Seattle, WA<\/a><br \/>\n<a href=\"http:\/\/www.littlechurch-anacortes.com\/\">\u0160kola Hrvatskog kulturnog centra, Anacortes, WA<\/a><\/p>\n<p><b>Hrvatske dopunske \u0161kole izvan Sjedinjenih ameri\u010dkih dr\u017eava<\/b><\/p>\n<p><a href=\"http:\/\/www.torontozupa.com\/site\/parish-organizations\/the-croatian-catholic-school\">Hrvatska katoli\u010dka \u0161kola Kardinal Stepinac, Toronto, Canada<\/a><br \/>\n<a href=\"http:\/\/www.hr-nastava-bavarska.skole.hr\/\">Hrvatska dopunska \u0161kola u Njema\u010dkoj (Bavarska koordinacija)<\/a><br \/>\n<a href=\"http:\/\/www.hrvatska-nastava-stuttgart.com\/\">Hrvatska dopunska \u0161kola u Njema\u010dkoj (Baden-W\u00fcrttemberg, Koordinacija Stuttgart)<\/a><br \/>\n<a href=\"http:\/\/hrvatska-nastava-mannheim.de\/\">Hrvatska dopunska \u0161kola u Njema\u010dkoj (Baden-W\u00fcrttemberg, Koordinacija Mannheim)<\/a><br \/>\n<a href=\"http:\/\/hrvatska-nastava-ulm.com\/\">Hrvatska dopunska \u0161kola u Njema\u010dkoj (Baden-W\u00fcrttemberg, Koordinacija Ulm)<\/a><br \/>\n<a href=\"http:\/\/www.hr-nastava-hessen-saarland.skole.hr\/\">Hrvatska dopunska \u0161kola u Njema\u010dkoj (Koordinacija Hessen i Saarland)<\/a><br \/>\n<a href=\"http:\/\/www.hrvatska-nastava-berlin.de\/\">Hrvatska dopunska \u0161kola u Njema\u010dkoj (Koordinacija Berlin)<\/a><br \/>\n<a href=\"http:\/\/www.hrvatska-nastava-hamburg.com.\/hr\/\">Hrvatska dopunska \u0161kola u Njema\u010dkoj (Koordinacija Hamburg)<\/a><br \/>\n<a href=\"http:\/\/www.hds-ch.com\/\">Hrvatska nastava u \u0160vicarskoj<\/a><br \/>\n<a href=\"http:\/\/cro-school.org.uk\/\">Hrvatska dopunska \u0161kola u Londonu, Ujedinjeno Kraljevstvo<\/a><\/p>\n","protected":false},"excerpt":{"rendered":"<p>O Hrvatskoj Hrvatska: Zemlja i ljudi Hrvatska turisti\u010dka zajednica O Hrvatima u iseljeni\u0161tvu Sredi\u0161nji dr\u017eavni ured za Hrvate izvan Republike Hrvatske Hrvatska matica iseljenika Hrvatske dopunske \u0161kole u Sjedinjenim ameri\u010dkim dr\u017eavama Hrvatska \u0161kola Kardinal Stepinac, Chicago, IL Hrvatska \u0161kola Hrvatski kulturni centar, Chicago, IL Hrvatska \u0161kola Presveto srce, Chicago, IL Hrvatska \u0161kola Kardinal Stepinac, New [&hellip;]<\/p>\n","protected":false},"author":5,"featured_media":0,"parent":15,"menu_order":1,"comment_status":"closed","ping_status":"closed","template":"","meta":{"footnotes":""},"class_list":["post-219","page","type-page","status-publish","hentry","latest_post"],"_links":{"self":[{"href":"https:\/\/kardinalstepinacchicago.org\/hr\/wp-json\/wp\/v2\/pages\/219","targetHints":{"allow":["GET"]}}],"collection":[{"href":"https:\/\/kardinalstepinacchicago.org\/hr\/wp-json\/wp\/v2\/pages"}],"about":[{"href":"https:\/\/kardinalstepinacchicago.org\/hr\/wp-json\/wp\/v2\/types\/page"}],"author":[{"embeddable":true,"href":"https:\/\/kardinalstepinacchicago.org\/hr\/wp-json\/wp\/v2\/users\/5"}],"replies":[{"embeddable":true,"href":"https:\/\/kardinalstepinacchicago.org\/hr\/wp-json\/wp\/v2\/comments?post=219"}],"version-history":[{"count":21,"href":"https:\/\/kardinalstepinacchicago.org\/hr\/wp-json\/wp\/v2\/pages\/219\/revisions"}],"predecessor-version":[{"id":1052,"href":"https:\/\/kardinalstepinacchicago.org\/hr\/wp-json\/wp\/v2\/pages\/219\/revisions\/1052"}],"up":[{"embeddable":true,"href":"https:\/\/kardinalstepinacchicago.org\/hr\/wp-json\/wp\/v2\/pages\/15"}],"wp:attachment":[{"href":"https:\/\/kardinalstepinacchicago.org\/hr\/wp-json\/wp\/v2\/media?parent=219"}],"curies":[{"name":"wp","href":"https:\/\/api.w.org\/{rel}","templated":true}]}}