{"id":37,"date":"2017-05-16T16:10:27","date_gmt":"2017-05-16T16:10:27","guid":{"rendered":"http:\/\/stepinacskola.azurewebsites.net\/?page_id=37"},"modified":"2017-07-23T19:00:05","modified_gmt":"2017-07-24T01:00:05","slug":"history","status":"publish","type":"page","link":"https:\/\/kardinalstepinacchicago.org\/hr\/history\/","title":{"rendered":"Povijest"},"content":{"rendered":"<p><img loading=\"lazy\" decoding=\"async\" class=\"size-medium wp-image-158 alignright lazyload\" data-src=\"\/wp-content\/uploads\/2017\/05\/school2-300x210.jpg\" alt=\"\" width=\"300\" height=\"210\" data-srcset=\"\/wp-content\/uploads\/2017\/05\/school2-300x210.jpg 300w, \/wp-content\/uploads\/2017\/05\/school2.jpg 350w\" data-sizes=\"auto, (max-width: 300px) 100vw, 300px\" src=\"data:image\/gif;base64,R0lGODlhAQABAAAAACH5BAEKAAEALAAAAAABAAEAAAICTAEAOw==\" style=\"--smush-placeholder-width: 300px; --smush-placeholder-aspect-ratio: 300\/210;\" \/><noscript><img loading=\"lazy\" decoding=\"async\" class=\"size-medium wp-image-158 alignright\" src=\"\/wp-content\/uploads\/2017\/05\/school2-300x210.jpg\" alt=\"\" width=\"300\" height=\"210\" srcset=\"\/wp-content\/uploads\/2017\/05\/school2-300x210.jpg 300w, \/wp-content\/uploads\/2017\/05\/school2.jpg 350w\" sizes=\"auto, (max-width: 300px) 100vw, 300px\" \/><\/noscript><\/p>\n<p><strong>Prvi koraci<\/strong><\/p>\n<p>Hrvatska \u0161kola &#8220;Kardinal Alojzije Stepinac&#8221; utemeljena je u sije\u010dnju 1973.\u00a0 Naime, 27. sije\u010dnja 1973. hrvatska radio postaja u Chicagu \u00abGlas Hrvatske\u00bb, najavila je radosnu vijest da u Hrvatskoj \u017eupi Sv. Jeronima zapo\u010dinje rad Hrvatske \u0161kole \u00abKardinal Stepinac\u00bb. Bio je to po\u010detak <em>prve organizirane hrvatske \u0161kole u Chicagu<\/em>. Odmah se upisalo u \u0161kolu 40 \u0111aka. \u017dupnik hrvatske katoli\u010dke \u017eupe svetog Jeronima, fra Marko Kozina ustupio je \u0161kolske prostorije \u017eupne redovne \u0161kole hrvatskoj dopunskoj \u0161koli &#8220;Kardinal Stepinac&#8221; jednom tjedno, a fra Ivan Bradvica preuzeo je njezino vodstvo. Njegovi prvi suradnici u ovom va\u017enom poslu bile su gospo\u0111e: Estera Badrov, Ilinka Martin\u010di\u0107, Carol Marasovi\u0107, Antonia Mi\u0161eti\u0107, Toni Pavela, Frida Penavi\u0107, Carol Pli\u0161i\u0107, Mary Rukavina, Jean Valenti, te sestra Katarina Ana Muji\u0107 i gospodin Du\u0161ko \u010condi\u0107.<\/p>\n<p>Svi \u017eupnici i njihovi pomo\u0107nici poslije fra Marka i fra Ivana do danas davali su svoju potporu i pomo\u0107 radu Hrvatske \u0161kole. \u00a0Uvijek su bili pri ruci, te sa zanimanjem i naklono\u0161\u0107u pratili i podupirali rad \u0111aka i njihovih u\u010ditelja.<\/p>\n<p><strong>Ogledna \u0161kola<\/strong><\/p>\n<p>Na prvom sastanku Hrvatskih izvandomovinskih \u0161kola Amerike i Kanade (HI\u0160AK), u New Yorku 1974., fra Ivan Bradvica u svom izvje\u0161\u0107u o radu \u201cHrvatske \u0161kole kardinal Stepinac\u201d u Chicagu iznosi kako je tada hrvatska \u0161kola iako suo\u010dena s problemom knjiga i pomagala imala ve\u0107 dobar rad. On iznosi i zanimljiv podatak kako je \u0161kolarina tada 1974. za jedno dijete iznosila\u00a0 $35.00, za dvoje djece iz iste obitelji $45.00, a troje $50.00.<\/p>\n<p>Arhivi HI\u0160AKA nam govore o va\u017enosti ove institucije: \u201cHrvatska \u0161kola Kardinal Stepinac&#8221; u \u017eupi Sv. Jerke u Chicagu, koja sada ima 114 redovitih u\u010denika, organizirana je kao HI\u0160AK-ova model-\u0161kola. \u0110aci su podijeljeni u Dje\u010dji vrti\u0107, prvi stupanj (1. i 2. razred), drugi stupanj (3. i 4. razred), tre\u0107i stupanj (5. i 6. razred), \u010detvrti stupanj (7. i 8. razred), i Hrvatsku gimnaziju. Svaki u\u010ditelj predaje samo po jedan predmet. U\u010di se hrvatski jezik i knji\u017eevnost, povijest i zemljopis, vjeronauk, hrvatska glazba, kola i plesovi. Gimnazijalci &#8211; peti stupanj \u2013 ujedno su pomo\u0107ni u\u010ditelji.\u201d <em>(HI\u0160AK-CSAC NEWSLETTER, god. III, br.4, 1980., str. 1)<\/em> HI\u0160AK dalje nastavlja kako su \u201cu\u010denici Hrvatske \u0161kole Kardinal Stepinac s Princetona u Chicagu napravili na prvom radnom sastanku novi program rada prema kojemu svaki u\u010ditelj predaje samo po jedan predmet. Tako se kroz 4 \u0161kolska sata izmijene svi u\u010ditelji u svakom razredu. U\u010ditelji vjeruju da \u0107e tako \u0111aci vi\u0161e nau\u010diti, a \u0161kola im biti zanimljivija. Tako \u0107e se i svaki u\u010ditelj mo\u0107i bolje spremiti.\u201d <em>(VJESNIK HRVATSKIH \u0160KOLA AMERIKE, KANADE, AUSTRALIJE, <\/em><em>god. I., br. 1, Rujan-Listopad 1977., str. 1.) <\/em>\u00a0Koncem 1978. godine \u0111aci su polagali prve ispite iz hrvatskoga jezika koji im se priznaje za srednjo\u0161kolske diplome.<\/p>\n<p>Ispiti su se polagali prema \u201dCroatian Proficiency Test\u201d, koji je pripremio prema uputi od Chicago Public Schools fra Slavko Soldo, Izvr\u0161ni direktor Hrvatskih \u0161kola USA.\u201d<em> (HI\u0160AK-CSAC NEWSLETTER, god. II, br.3 Zima, 1979., str. 1)<\/em><\/p>\n<p><strong>Uspostava \u0160kolskog odbora i drugih pododbora<\/strong><\/p>\n<p>Rad \u0161kole pobolj\u0161ao je fra Jozo \u010cui\u0107 utemeljenjem \u0160kolskog odbora 1982. godine, koji vrlo uspje\u0161no obavlja svoje du\u017enosti do danas. Prvi predsjednik \u0160kolskog odbora bio je gosp. Pavo Hrka\u0107. Gospo\u0111a koja se najdulje brinula za hrvatske narodne no\u0161nje je Zdenka Barun, a za tajni\u0161tvo \u0161kole se kroz mnoge godine brinula gospo\u0111a Nevenka Jurkovi\u0107.\u00a0 Svi doga\u0111aji u \u017eupi Sv. Jeronima i Hrvatskoj \u0161koli bili su nezaboravni, izme\u0111u ostaloga i zahvaljuju\u0107i nadarenom i nesebi\u010dnom ljubavi za djecu i roditelje ispunjenom radu kuharice Mary Mandi\u0107.<\/p>\n<p>Pe\u010dat \u0161koli ponaosob je dao uvijek zapam\u0107eni sve\u0107enik, fra Hrvoslav Ban koji je svojim spisateljskim talentom ispisao mnoge drame, recitale, pjesme i programe za djecu i \u0160kolu. Njegov trud kroz veliki dio 80-tih i po\u010detkom 90-tih godina ostaje trajno cijenjen.<\/p>\n<p>Rad, \u017ertva i ljubav za djecu i hrvatsku kulturu povezuje u\u010ditelje, djecu, roditelje, odbor i \u017eupu u jednu \u017eivu cjelinu koja doprinosi \u017eivotu hrvatske zajednice u Chicagu, \u017eivotu \u017eupe i ja\u010danju na\u0161e kulturne povezanosti s domovinom Hrvatskom.<\/p>\n<p>Glavna je svrha \u0161kole u\u010diti djecu hrvatski jezik, kulturu i povijest. Djeca tako\u0111er u\u010de pjevati hrvatske pjesme i plesati hrvatska kola. Na razli\u010ditim priredbama koje \u0160kola prire\u0111uje, djeca krasnoslove, \u010ditaju \u0161tiva, pjevaju i ple\u0161u pred hrvatskim op\u0107instvom. Priredbe su dobro posje\u0107ene i dobre su prigode da djeca poka\u017eu \u0161to su nau\u010dila i da se vidi plod u\u010diteljskih i roditeljskih nastojanja u ovome kulturnom radu.\u00a0 Bo\u017ei\u0107ni program i program za Maj\u010din dan, dva su glavna doga\u0111aja na kojima djeca pokazuju sposobnost govora i pjevanja na hrvatskom jeziku.<\/p>\n<p>Pri \u0161koli postoji i &#8220;Klub Stepinac&#8221;, koji je osnovan 1988. godine, a koji okuplja \u0111ake ove \u0161kole koji su zavr\u0161ili osmi razred osnovne \u0161kole. Svrha njegova osnivanja i postojanja je okupljati i sa\u010duvati djecu nakon zavr\u0161ene Hrvatske \u0161kole osmog razreda, te da bi sa\u010duvali vezu s hrvatskom zajednicom i predstavljali \u017eupu Sv. Jeronima na javnim doga\u0111ajima.\u00a0 Taj klub je plesa\u010dka skupina koja je do sada nastupala na nekoliko ve\u0107ih hrvatskih folklornih festivala (Cleveland 1988., London 1989., Detroit 1990., Pittsburgh 1991.) pod pokroviteljstvom Hrvatske katoli\u010dke zajednice i drugih znamenitih udruga.<\/p>\n<p>\u0160kola je nastupala na mnogim javnim doga\u0111ajima, skupovima, festivalima, obljetnicama i prigodama. Ovdje spominjemo samo neke od njih: Hrvatsko-kanadski festival, Festival \u201c4 Stepinca\u201d, tradicionalni \u201cHrvatski dan \u2013 10. travnja\u201d na Daley Plaza \u2013 Chicago, Hrvatsko ameri\u010dki dan na Daley plaza \u2013 Chicago, godi\u0161nji doga\u0111aj \u201cBo\u017ei\u0107 oko svijeta\u201d u gradskom muzeju Chicaga, \u201cFestival of Lights\u201d &#8211; Chicago, Me\u0111unarodni festival folklora \u2013 Zagreb, \u0110akova\u010dki vezovi \u2013 \u0110akovo, Folklorni festival \u2013 Split. U mnogim gradovima diljem Hrvatske te u cijeloj Americi i Kanadi ova ugledna grupa na\u0161e \u0161kole dokazala je i svoju kvalitetu i ponos svog imena i na\u0161e zajednice.<\/p>\n<p>Hrvatska \u0161kola je ugostila mnoge grupe iz Hrvatske i Amerike\u00a0 i Kanade. Spominjemo samo neke: \u201cO\u0161trc\u201d \u2013Samobor, \u201cVuga\u201d-Karlovac, \u201cHercegovac\u201d \u2013Ljubu\u0161ki, \u201cLin\u0111o\u201d-Dubrovnik, grupe iz ameri\u010dkih i kanadskih gradova: New Yorka, Los Angelesa, Oakvillea, Montreala, Toronta, Mississauge, Windsora i drugih, te grupe iz Chicaga: \u201cHrvatska loza\u201d, \u201cSrce Isusovo\u201d, \u201cHrvatska ba\u0161tina\u201d i druge.<\/p>\n<p>Pri \u0161koli djeluje i Tamburica od 1988. godine, a na\u0161i vrsni glazbenici su tako\u0111er nastupali na spomenutim festivalima predvo\u0111eni kroz vi\u0161e od dvadeset godina vrlo nadarenim u\u010diteljem Josipom Cvitkovi\u0107em. Trudom gospodina Cvitkovi\u0107a mnoga djeca su ne samo u\u010dila svirati tamburicu nego i zavoljela ovaj hrvatski instrument za cijeli \u017eivot.<\/p>\n<p>Hrvatska \u0161kola bila je posebice aktivna u tijeku Domovinskog rata 90-tih godina, kada je skupila puno pomo\u0107i za Hrvatsku, a trojica njezinih biv\u0161ih \u0111aka borili su se u Hrvatskoj vojsci za slobodu Domovine: Robert \u0160ego, Jure Rudman i John Kosi\u0107. \u00a0Oni su bili i prvi \u0111aci na\u0161e \u0161kole.\u00a0 \u0160kola &#8220;Kardinal Stepinac&#8221; ponosna je da je i ona u njima gajila ljubav za Hrvatsku.<\/p>\n<p><strong>Noviji koraci<\/strong><\/p>\n<p>Od godine 2004. na\u0161a \u0161kola je bila prva u Americi koja je organizirala radionice za djecu.\u00a0 Pomo\u0107u Hrvatske matice iseljenike iz Zagreba i Generalnog konzulata Hrvatske iz Chicaga od tada sti\u017ee \u010detvero profesora koji su odr\u017eali kratki seminar-radionice s djecom. Ovaj program posebice je s odu\u0161evljenjem prihva\u0107en od strane djece.<\/p>\n<p>Zadnjih pet godina djeca na\u0161e \u0161kole svake nedjelje \u010ditaju na svetoj misi u crkvi sv. Jeronima. Od godine 1999. tradicionalno sedmi i osmi razred odlaze na sveu\u010dili\u0161te Notre Dame vidjeti djela velikog hrvatskog kipara Ivana Me\u0161trovi\u0107a. Djeca su nastupala i na hrvatskim radio programima grada Chicaga. Zalaganjem vrijedne i vrlo darovite gospo\u0111e Smilje To\u0161i\u0107, Hrvatska \u0161kola je obogatila svoju kolekciju hrvatskih narodnih no\u0161nji, a trenutno posjeduje no\u0161nje iz 17 hrvatskih regija. Svake godine na po\u010detku i kraju \u0161kolske godine \u0161kola odr\u017eava redovite piknike na prostoru Hrvatskih franjevaca u Chicagu, vrijeme vrlo kvalitetnog zajedni\u0161tva i upoznavanja novih \u0111aka.<\/p>\n<p>Vrlo va\u017ean udio u \u017eivotu i radu Hrvatske \u0161kole zadnjih godina \u010dine mladi roditelji koji dovode djecu u \u0161kolu, a i sami su nekada poha\u0111ali Hrvatsku \u0161kolu. Neki od njih su postali i vrlo zauzeti u\u010ditelji djece u istoj \u0161koli.<\/p>\n<p>Od utemeljenja do danas \u0161kola &#8220;Kardinal Stepinac&#8221; \u010duvala je i gajila hrvatski jezik, oplemenjivala hrvatsku mlade\u017e i u\u010dila ih ljubiti domovinu Hrvatsku, hrvatski narod i njegovu kulturnu ba\u0161tinu. \u0160kola je utemeljena kad je Hrvatska bila u komunisti\u010dkim i srpskim lancima, ali danas su ti lanci popucali i nova vremena su i pred Hrvatskom i pred nama. Ta nova vremena mogu nam olak\u0161ati, ali ne umanjiti zada\u0107u u \u010duvanju i \u0161irenju hrvatske kulturne ba\u0161tine.<\/p>\n<p>Uz Hrvatsku \u0161kolu koja ponosno nosi ime kardinala Stepinca, \u017eupa Sv. Jeronima dobila je i po\u010dasnu ulicu u \u010dast kardinalu Stepincu. Ulica \u201cCardinal Stepinac Way\u201d dana je u \u010dast njegova progla\u0161ena bla\u017eenim 1998., a godine 2001. u crkvi Sv. Jeronima postavljena je i njegova slika, djelo vl\u010d. Zlatka Sudca. Tako ova zajednica na mnoge na\u010dine biva povezana s imenom i djelom kardinala Stepinca.<\/p>\n<p>Tridesetpetogodi\u0161nja povijest Hrvatske \u0161kole \u201cKardinal Stepinac\u201d nam je garancija da ne\u0107emo posustati u na\u0161em daljnjem radu me\u0111u pokoljenjima koja dolaze.\u00a0 Danas Hrvatska \u0161kola skupa s kolo grupom i tamburicom odgaja 110 u\u010denika, trudom i ljubavlju 15 odli\u010dnih u\u010ditelja.<\/p>\n<p>Op\u0107i kontekst zemlje u kojoj \u017eivimo govori nam kako Amerika sve vi\u0161e postaje zemlja u kojoj ljudi tra\u017ee i \u010duvaju svoja podrijetla. Hrvatski jezik i \u0161kola upravo odgovaraju takvoj potrebi i kontekstu! Hrvatska du\u0161a i duga stoljetna povijest u nama stvaraju nove ponose i zanose koji \u0107e hrabro i s rado\u0161\u0107u odgajati nove generacije. Zemljopisne daljine nisu uvijek prepreka nego \u0161tovi\u0161e i novi razlozi kako sa\u010duvati ono \u0161to odre\u0111uje \u010dovjekov identitet.<\/p>\n<p><em>Fra Jozo Grbe\u0161<\/em><\/p>\n","protected":false},"excerpt":{"rendered":"<p>Prvi koraci Hrvatska \u0161kola &#8220;Kardinal Alojzije Stepinac&#8221; utemeljena je u sije\u010dnju 1973.\u00a0 Naime, 27. sije\u010dnja 1973. hrvatska radio postaja u Chicagu \u00abGlas Hrvatske\u00bb, najavila je radosnu vijest da u Hrvatskoj \u017eupi Sv. Jeronima zapo\u010dinje rad Hrvatske \u0161kole \u00abKardinal Stepinac\u00bb. Bio je to po\u010detak prve organizirane hrvatske \u0161kole u Chicagu. Odmah se upisalo u \u0161kolu 40 [&hellip;]<\/p>\n","protected":false},"author":1,"featured_media":0,"parent":0,"menu_order":0,"comment_status":"closed","ping_status":"closed","template":"","meta":{"footnotes":""},"class_list":["post-37","page","type-page","status-publish","hentry","latest_post"],"_links":{"self":[{"href":"https:\/\/kardinalstepinacchicago.org\/hr\/wp-json\/wp\/v2\/pages\/37","targetHints":{"allow":["GET"]}}],"collection":[{"href":"https:\/\/kardinalstepinacchicago.org\/hr\/wp-json\/wp\/v2\/pages"}],"about":[{"href":"https:\/\/kardinalstepinacchicago.org\/hr\/wp-json\/wp\/v2\/types\/page"}],"author":[{"embeddable":true,"href":"https:\/\/kardinalstepinacchicago.org\/hr\/wp-json\/wp\/v2\/users\/1"}],"replies":[{"embeddable":true,"href":"https:\/\/kardinalstepinacchicago.org\/hr\/wp-json\/wp\/v2\/comments?post=37"}],"version-history":[{"count":12,"href":"https:\/\/kardinalstepinacchicago.org\/hr\/wp-json\/wp\/v2\/pages\/37\/revisions"}],"predecessor-version":[{"id":764,"href":"https:\/\/kardinalstepinacchicago.org\/hr\/wp-json\/wp\/v2\/pages\/37\/revisions\/764"}],"wp:attachment":[{"href":"https:\/\/kardinalstepinacchicago.org\/hr\/wp-json\/wp\/v2\/media?parent=37"}],"curies":[{"name":"wp","href":"https:\/\/api.w.org\/{rel}","templated":true}]}}