{"id":38,"date":"2017-05-16T16:10:29","date_gmt":"2017-05-16T16:10:29","guid":{"rendered":"http:\/\/stepinacskola.azurewebsites.net\/?page_id=38"},"modified":"2017-08-06T16:49:54","modified_gmt":"2017-08-06T22:49:54","slug":"structure","status":"publish","type":"page","link":"https:\/\/kardinalstepinacchicago.org\/hr\/structure\/","title":{"rendered":"Ustroj"},"content":{"rendered":"<p>Hrvatska \u0161kola &#8220;Kardinal Stepinac&#8221; je hrvatska dopunska \u0161kola. Nastava se u Hrvatskoj \u0161koli odr\u017eava svake subote od 8:30 sati ujutro do 12:30 sati poslije podne. Plesna skupina mlade\u017ei &#8220;Klub Stepinac&#8221; se obi\u010dno sastaje srijedom nave\u010der.<\/p>\n<p>U\u010denici imaju priliku u\u010diti hrvatski jezik, kulturu, zemljopis i povijest na satovima hrvatskog jezika i povijesti. Tijekom sata plesa i sata tambure u\u010denici u\u010de plesati hrvatske plesove i kola, te svirati tamburu i ostale tradicijske instrumente (violinu, gajde, itd.) koji su dio hrvatske glazbene ba\u0161tine.<\/p>\n<p>Pojam &#8220;Hrvatska \u0161kola&#8221; u \u0161irem smislu rije\u010di se odnosi na osnovce, ali i srednjo\u0161kolce, koji su okupljeni u plesnoj skupini &#8220;Klub Stepinac&#8221;. U u\u017eem smislu rije\u010di, &#8220;Hrvatska \u0161kola&#8221; se odnosi samo na u\u010denike osnovno\u0161kolske dobi.<\/p>\n<p><img loading=\"lazy\" decoding=\"async\" class=\"alignnone wp-image-946 lazyload\" data-src=\"\/wp-content\/uploads\/2017\/07\/Ustroj-300x182.jpg\" alt=\"\" width=\"1376\" height=\"835\" data-srcset=\"\/wp-content\/uploads\/2017\/07\/Ustroj-300x182.jpg 300w, \/wp-content\/uploads\/2017\/07\/Ustroj-768x465.jpg 768w, \/wp-content\/uploads\/2017\/07\/Ustroj-1024x620.jpg 1024w\" data-sizes=\"auto, (max-width: 1376px) 100vw, 1376px\" src=\"data:image\/gif;base64,R0lGODlhAQABAAAAACH5BAEKAAEALAAAAAABAAEAAAICTAEAOw==\" style=\"--smush-placeholder-width: 1376px; --smush-placeholder-aspect-ratio: 1376\/835;\" \/><noscript><img loading=\"lazy\" decoding=\"async\" class=\"alignnone wp-image-946\" src=\"\/wp-content\/uploads\/2017\/07\/Ustroj-300x182.jpg\" alt=\"\" width=\"1376\" height=\"835\" srcset=\"\/wp-content\/uploads\/2017\/07\/Ustroj-300x182.jpg 300w, \/wp-content\/uploads\/2017\/07\/Ustroj-768x465.jpg 768w, \/wp-content\/uploads\/2017\/07\/Ustroj-1024x620.jpg 1024w\" sizes=\"auto, (max-width: 1376px) 100vw, 1376px\" \/><\/noscript><\/p>\n<p>&nbsp;<\/p>\n","protected":false},"excerpt":{"rendered":"<p>Hrvatska \u0161kola &#8220;Kardinal Stepinac&#8221; je hrvatska dopunska \u0161kola. Nastava se u Hrvatskoj \u0161koli odr\u017eava svake subote od 8:30 sati ujutro do 12:30 sati poslije podne. Plesna skupina mlade\u017ei &#8220;Klub Stepinac&#8221; se obi\u010dno sastaje srijedom nave\u010der. U\u010denici imaju priliku u\u010diti hrvatski jezik, kulturu, zemljopis i povijest na satovima hrvatskog jezika i povijesti. Tijekom sata plesa i [&hellip;]<\/p>\n","protected":false},"author":1,"featured_media":0,"parent":0,"menu_order":0,"comment_status":"closed","ping_status":"closed","template":"","meta":{"footnotes":""},"class_list":["post-38","page","type-page","status-publish","hentry","latest_post"],"_links":{"self":[{"href":"https:\/\/kardinalstepinacchicago.org\/hr\/wp-json\/wp\/v2\/pages\/38","targetHints":{"allow":["GET"]}}],"collection":[{"href":"https:\/\/kardinalstepinacchicago.org\/hr\/wp-json\/wp\/v2\/pages"}],"about":[{"href":"https:\/\/kardinalstepinacchicago.org\/hr\/wp-json\/wp\/v2\/types\/page"}],"author":[{"embeddable":true,"href":"https:\/\/kardinalstepinacchicago.org\/hr\/wp-json\/wp\/v2\/users\/1"}],"replies":[{"embeddable":true,"href":"https:\/\/kardinalstepinacchicago.org\/hr\/wp-json\/wp\/v2\/comments?post=38"}],"version-history":[{"count":16,"href":"https:\/\/kardinalstepinacchicago.org\/hr\/wp-json\/wp\/v2\/pages\/38\/revisions"}],"predecessor-version":[{"id":1101,"href":"https:\/\/kardinalstepinacchicago.org\/hr\/wp-json\/wp\/v2\/pages\/38\/revisions\/1101"}],"wp:attachment":[{"href":"https:\/\/kardinalstepinacchicago.org\/hr\/wp-json\/wp\/v2\/media?parent=38"}],"curies":[{"name":"wp","href":"https:\/\/api.w.org\/{rel}","templated":true}]}}