{"id":48,"date":"2017-05-16T16:19:12","date_gmt":"2017-05-16T16:19:12","guid":{"rendered":"http:\/\/stepinacskola.azurewebsites.net\/?page_id=48"},"modified":"2017-11-09T14:51:46","modified_gmt":"2017-11-09T20:51:46","slug":"statute","status":"publish","type":"page","link":"https:\/\/kardinalstepinacchicago.org\/hr\/statute\/","title":{"rendered":"Statut i priru\u010dnik"},"content":{"rendered":"<p><img loading=\"lazy\" decoding=\"async\" class=\"size-medium wp-image-758 alignright lazyload\" data-src=\"\/wp-content\/uploads\/2017\/05\/branimir3-300x200.jpg\" alt=\"\" width=\"300\" height=\"200\" data-srcset=\"\/wp-content\/uploads\/2017\/05\/branimir3-300x200.jpg 300w, \/wp-content\/uploads\/2017\/05\/branimir3-358x240.jpg 358w, \/wp-content\/uploads\/2017\/05\/branimir3.jpg 360w\" data-sizes=\"auto, (max-width: 300px) 100vw, 300px\" src=\"data:image\/gif;base64,R0lGODlhAQABAAAAACH5BAEKAAEALAAAAAABAAEAAAICTAEAOw==\" style=\"--smush-placeholder-width: 300px; --smush-placeholder-aspect-ratio: 300\/200;\" \/><noscript><img loading=\"lazy\" decoding=\"async\" class=\"size-medium wp-image-758 alignright\" src=\"\/wp-content\/uploads\/2017\/05\/branimir3-300x200.jpg\" alt=\"\" width=\"300\" height=\"200\" srcset=\"\/wp-content\/uploads\/2017\/05\/branimir3-300x200.jpg 300w, \/wp-content\/uploads\/2017\/05\/branimir3-358x240.jpg 358w, \/wp-content\/uploads\/2017\/05\/branimir3.jpg 360w\" sizes=\"auto, (max-width: 300px) 100vw, 300px\" \/><\/noscript><\/p>\n<p>Statut\u00a0Hrvatske \u0161kole &#8220;Kardinal Stepinac&#8221; je pisani pravilnik \u0161kole donesen od strane roditelja u\u010denika Hrvatske \u0161kole.<\/p>\n<p>Autori Statuta Hrvatske \u0161kole su fra Jozo Grbe\u0161 i \u010dlanovi \u0160kolskog odbora. Statut se mo\u017ee izmijeniti ve\u0107inom glasova svih nazo\u010dnih \u010dlanova na godi\u0161njem roditeljskom sastanku Hrvatske \u0161kole.<\/p>\n<p>Priru\u010dnik Hrvatske \u0161kole &#8220;Kardinal Stepinac&#8221; je pisani \u0161kolski vodi\u010d sastavljen od strane \u0160kolskog odbora. Priru\u010dnik pru\u017ea detaljne informacije o prikupljanju sredstava za \u0161kolu, prilikama za slu\u017eenje i volontiranje, lijepom pona\u0161anju tijekom proba i nastupa, savjetima za prodaju kola\u010da i rada u baru, savjetima za skrb o narodnim no\u0161njama i drugome.<\/p>\n","protected":false},"excerpt":{"rendered":"<p>Statut\u00a0Hrvatske \u0161kole &#8220;Kardinal Stepinac&#8221; je pisani pravilnik \u0161kole donesen od strane roditelja u\u010denika Hrvatske \u0161kole. Autori Statuta Hrvatske \u0161kole su fra Jozo Grbe\u0161 i \u010dlanovi \u0160kolskog odbora. Statut se mo\u017ee izmijeniti ve\u0107inom glasova svih nazo\u010dnih \u010dlanova na godi\u0161njem roditeljskom sastanku Hrvatske \u0161kole. Priru\u010dnik Hrvatske \u0161kole &#8220;Kardinal Stepinac&#8221; je pisani \u0161kolski vodi\u010d sastavljen od strane \u0160kolskog [&hellip;]<\/p>\n","protected":false},"author":1,"featured_media":0,"parent":0,"menu_order":0,"comment_status":"closed","ping_status":"closed","template":"","meta":{"footnotes":""},"class_list":["post-48","page","type-page","status-publish","hentry","latest_post"],"_links":{"self":[{"href":"https:\/\/kardinalstepinacchicago.org\/hr\/wp-json\/wp\/v2\/pages\/48","targetHints":{"allow":["GET"]}}],"collection":[{"href":"https:\/\/kardinalstepinacchicago.org\/hr\/wp-json\/wp\/v2\/pages"}],"about":[{"href":"https:\/\/kardinalstepinacchicago.org\/hr\/wp-json\/wp\/v2\/types\/page"}],"author":[{"embeddable":true,"href":"https:\/\/kardinalstepinacchicago.org\/hr\/wp-json\/wp\/v2\/users\/1"}],"replies":[{"embeddable":true,"href":"https:\/\/kardinalstepinacchicago.org\/hr\/wp-json\/wp\/v2\/comments?post=48"}],"version-history":[{"count":27,"href":"https:\/\/kardinalstepinacchicago.org\/hr\/wp-json\/wp\/v2\/pages\/48\/revisions"}],"predecessor-version":[{"id":1494,"href":"https:\/\/kardinalstepinacchicago.org\/hr\/wp-json\/wp\/v2\/pages\/48\/revisions\/1494"}],"wp:attachment":[{"href":"https:\/\/kardinalstepinacchicago.org\/hr\/wp-json\/wp\/v2\/media?parent=48"}],"curies":[{"name":"wp","href":"https:\/\/api.w.org\/{rel}","templated":true}]}}