{"id":49,"date":"2017-05-16T16:19:13","date_gmt":"2017-05-16T16:19:13","guid":{"rendered":"http:\/\/stepinacskola.azurewebsites.net\/?page_id=49"},"modified":"2017-07-30T19:25:37","modified_gmt":"2017-07-31T01:25:37","slug":"admissions","status":"publish","type":"page","link":"https:\/\/kardinalstepinacchicago.org\/hr\/admissions\/","title":{"rendered":"Upisi"},"content":{"rendered":"<p><img loading=\"lazy\" decoding=\"async\" class=\"size-medium wp-image-147 alignright lazyload\" data-src=\"\/wp-content\/uploads\/2017\/05\/IMG_3067-300x233.jpg\" alt=\"\" width=\"300\" height=\"233\" data-srcset=\"\/wp-content\/uploads\/2017\/05\/IMG_3067-300x233.jpg 300w, \/wp-content\/uploads\/2017\/05\/IMG_3067-768x596.jpg 768w, \/wp-content\/uploads\/2017\/05\/IMG_3067-1024x795.jpg 1024w\" data-sizes=\"auto, (max-width: 300px) 100vw, 300px\" src=\"data:image\/gif;base64,R0lGODlhAQABAAAAACH5BAEKAAEALAAAAAABAAEAAAICTAEAOw==\" style=\"--smush-placeholder-width: 300px; --smush-placeholder-aspect-ratio: 300\/233;\" \/><noscript><img loading=\"lazy\" decoding=\"async\" class=\"size-medium wp-image-147 alignright\" src=\"\/wp-content\/uploads\/2017\/05\/IMG_3067-300x233.jpg\" alt=\"\" width=\"300\" height=\"233\" srcset=\"\/wp-content\/uploads\/2017\/05\/IMG_3067-300x233.jpg 300w, \/wp-content\/uploads\/2017\/05\/IMG_3067-768x596.jpg 768w, \/wp-content\/uploads\/2017\/05\/IMG_3067-1024x795.jpg 1024w\" sizes=\"auto, (max-width: 300px) 100vw, 300px\" \/><\/noscript>\u010clanom Hrvatske \u0161kole mo\u017ee biti svaki u\u010denik\/ica koji je \u010dlan hrvatske \u017eupe sv. Jeronima, te svaki drugi u\u010denik\/ica koja je ro\u0111enjem, podrijetlom ili obiteljski povezana s hrvatskim narodom. Ostali, koji su zainteresirani za u\u010dlanjenje i u\u010denje o hrvatskom jeziku i ba\u0161tini, se mogu u\u010dlaniti uz odobrenje \u0160kolskoga odbora.<\/p>\n<p>Upisi u novu \u0161kolsku godinu Hrvatske \u0161kole traju cijeli mjesec kolovoz. U\u010denici\/ice se mogu upisati u Hrvatsku \u0161kolu i izvan spomenutog vremenskog okvira uz odobrenje \u0160kolskog odbora.<\/p>\n<p>Ove godine nudimo online upis po prvi put! Online upis \u0107e biti dostupan od 1. rujna, te \u0107e trajati do konca mjeseca rujna. Kliknite <a href=\"https:\/\/register.kardinalstepinacchicago.org\/\">ovdje<\/a> da upi\u0161ete va\u0161e dijete u \u0161kolu putem online obrasca. Molimo da uzmete u obzir \u010dinjenicu da \u0161kolarina i dalje treba biti pla\u0107ena u\u017eivo.<\/p>\n<p>Ako preferirate tradicionalnu upisnicu, molim vas da preuzmete i otiskate obrazac upisnice <a href=\"\/wp-content\/uploads\/2017\/07\/HS-Upisnica-2017-18.pdf\">ovdje<\/a>.<\/p>\n<p>&nbsp;<\/p>\n","protected":false},"excerpt":{"rendered":"<p>\u010clanom Hrvatske \u0161kole mo\u017ee biti svaki u\u010denik\/ica koji je \u010dlan hrvatske \u017eupe sv. Jeronima, te svaki drugi u\u010denik\/ica koja je ro\u0111enjem, podrijetlom ili obiteljski povezana s hrvatskim narodom. Ostali, koji su zainteresirani za u\u010dlanjenje i u\u010denje o hrvatskom jeziku i ba\u0161tini, se mogu u\u010dlaniti uz odobrenje \u0160kolskoga odbora. Upisi u novu \u0161kolsku godinu Hrvatske \u0161kole [&hellip;]<\/p>\n","protected":false},"author":1,"featured_media":0,"parent":0,"menu_order":0,"comment_status":"closed","ping_status":"closed","template":"","meta":{"footnotes":""},"class_list":["post-49","page","type-page","status-publish","hentry","latest_post"],"_links":{"self":[{"href":"https:\/\/kardinalstepinacchicago.org\/hr\/wp-json\/wp\/v2\/pages\/49","targetHints":{"allow":["GET"]}}],"collection":[{"href":"https:\/\/kardinalstepinacchicago.org\/hr\/wp-json\/wp\/v2\/pages"}],"about":[{"href":"https:\/\/kardinalstepinacchicago.org\/hr\/wp-json\/wp\/v2\/types\/page"}],"author":[{"embeddable":true,"href":"https:\/\/kardinalstepinacchicago.org\/hr\/wp-json\/wp\/v2\/users\/1"}],"replies":[{"embeddable":true,"href":"https:\/\/kardinalstepinacchicago.org\/hr\/wp-json\/wp\/v2\/comments?post=49"}],"version-history":[{"count":17,"href":"https:\/\/kardinalstepinacchicago.org\/hr\/wp-json\/wp\/v2\/pages\/49\/revisions"}],"predecessor-version":[{"id":952,"href":"https:\/\/kardinalstepinacchicago.org\/hr\/wp-json\/wp\/v2\/pages\/49\/revisions\/952"}],"wp:attachment":[{"href":"https:\/\/kardinalstepinacchicago.org\/hr\/wp-json\/wp\/v2\/media?parent=49"}],"curies":[{"name":"wp","href":"https:\/\/api.w.org\/{rel}","templated":true}]}}