{"id":57,"date":"2017-05-16T16:19:21","date_gmt":"2017-05-16T16:19:21","guid":{"rendered":"http:\/\/stepinacskola.azurewebsites.net\/?page_id=57"},"modified":"2017-10-01T17:49:46","modified_gmt":"2017-10-01T23:49:46","slug":"curriculum","status":"publish","type":"page","link":"https:\/\/kardinalstepinacchicago.org\/hr\/curriculum\/","title":{"rendered":"Kurikul"},"content":{"rendered":"<p><img loading=\"lazy\" decoding=\"async\" class=\"size-medium wp-image-844 alignright lazyload\" data-src=\"\/wp-content\/uploads\/2017\/07\/bookimage2-300x178.png\" alt=\"\" width=\"300\" height=\"178\" data-srcset=\"\/wp-content\/uploads\/2017\/07\/bookimage2-300x178.png 300w, \/wp-content\/uploads\/2017\/07\/bookimage2.png 394w\" data-sizes=\"auto, (max-width: 300px) 100vw, 300px\" src=\"data:image\/gif;base64,R0lGODlhAQABAAAAACH5BAEKAAEALAAAAAABAAEAAAICTAEAOw==\" style=\"--smush-placeholder-width: 300px; --smush-placeholder-aspect-ratio: 300\/178;\" \/><noscript><img loading=\"lazy\" decoding=\"async\" class=\"size-medium wp-image-844 alignright\" src=\"\/wp-content\/uploads\/2017\/07\/bookimage2-300x178.png\" alt=\"\" width=\"300\" height=\"178\" srcset=\"\/wp-content\/uploads\/2017\/07\/bookimage2-300x178.png 300w, \/wp-content\/uploads\/2017\/07\/bookimage2.png 394w\" sizes=\"auto, (max-width: 300px) 100vw, 300px\" \/><\/noscript>Godine 2015., na\u0161 je nastavni\u010dki zbor prepoznao potrebu za a\u017euriranjem na\u0161eg kurikula i ud\u017ebenika, koje koristimo u nastavi hrvatskog jezika. Vo\u0111eni tom potrebom, povezali smo se s drugim hrvatskim dopunskim \u0161kolama u europskim zemljama, \u0161to nas je dovelo do otkri\u0107a novih, modernih ud\u017ebenika, napisanih od strane skupine nastavnika hrvatskog jezika, koji tako\u0111er pou\u010davaju hrvatski jezik kao drugi. Od toga vremena smo zapo\u010deli postupno uvoditi u nastavu nove ud\u017ebenike, koji su dobro prihva\u0107eni od strane u\u010denika i u\u010ditelja. Novi ud\u017ebenici, iz serijala &#8220;<a href=\"http:\/\/www.alkascript.hr\/index.php\/katalog-proizvoda?search=domovina%20na%20dlanu&amp;cm=0#tlb\">Domovina na dlanu<\/a>&#8220;, pru\u017eaju elemente kulture u nastavi, koji su skupa s fokusom na jezik vrlo va\u017eni za na\u0161 kurikul, te \u0161kolu op\u0107enito.<\/p>\n<p><img loading=\"lazy\" decoding=\"async\" class=\"size-full wp-image-845 alignright lazyload\" data-src=\"\/wp-content\/uploads\/2017\/07\/ILstate.png\" alt=\"\" width=\"251\" height=\"103\" src=\"data:image\/gif;base64,R0lGODlhAQABAAAAACH5BAEKAAEALAAAAAABAAEAAAICTAEAOw==\" style=\"--smush-placeholder-width: 251px; --smush-placeholder-aspect-ratio: 251\/103;\" \/><noscript><img loading=\"lazy\" decoding=\"async\" class=\"size-full wp-image-845 alignright\" src=\"\/wp-content\/uploads\/2017\/07\/ILstate.png\" alt=\"\" width=\"251\" height=\"103\" \/><\/noscript>Koncem \u0161kolske godine 2016.-17., skupina se na\u0161ih u\u010ditelja, pod vodstvom g-\u0111ice. Ozane Paraga, sastala kako bi po\u010dela aktivno raditi na novom kurikulu za hrvatski jezik, kulturu, zemljopis i povijest. Odlu\u010deno je da kurikul treba biti utemeljen na <a href=\"https:\/\/www.isbe.net\/Pages\/Foreign-Languages-Standards.aspx\">Standardima za strane jezike Dr\u017eavnog odbora za obrazovanje Illinois-a (ISBE)<\/a>, ali da tako\u0111er treba uzeti u obzir priru\u010dnik &#8220;<a href=\"http:\/\/www.iusinfo.hr\/UsefulDocs\/..%5CAppendix%5CDDOKU_HR%5CDDHR20120101N105_25_1.pdf\">Hrvatska nastava u inozemstvu<\/a>&#8220;, izdanog od Ministarstva znanosti i obrazovanja Republike Hrvatske, te na\u0161e nove ud\u017ebenike iz serijala &#8220;<a href=\"http:\/\/www.alkascript.hr\/index.php\/katalog-proizvoda?search=domovina%20na%20dlanu&amp;cm=0#tlb\">Domovina na dlanu<\/a>&#8220;. Uz to, sa\u010dinjen je plan da se prvo po\u010dne s izradom op\u0107eg kurikula, poslije kojeg bi slijedila izrada strukturiranih skica za svaki razred. Jezi\u010dni dio op\u0107eg kurikula je dovr\u0161en, te se mo\u017ee pogledati <a href=\"\/wp-content\/uploads\/2017\/10\/Novi-kurikul-Hrvatske-skole_6-1-17.pdf\">ovdje<\/a>. Dodatni moduli, kao i skice za nastavu uklju\u010duju sljede\u0107u fazu na na\u0161em putu razvoja novog kurikula.<\/p>\n","protected":false},"excerpt":{"rendered":"<p>Godine 2015., na\u0161 je nastavni\u010dki zbor prepoznao potrebu za a\u017euriranjem na\u0161eg kurikula i ud\u017ebenika, koje koristimo u nastavi hrvatskog jezika. Vo\u0111eni tom potrebom, povezali smo se s drugim hrvatskim dopunskim \u0161kolama u europskim zemljama, \u0161to nas je dovelo do otkri\u0107a novih, modernih ud\u017ebenika, napisanih od strane skupine nastavnika hrvatskog jezika, koji tako\u0111er pou\u010davaju hrvatski jezik [&hellip;]<\/p>\n","protected":false},"author":1,"featured_media":0,"parent":0,"menu_order":0,"comment_status":"closed","ping_status":"closed","template":"","meta":{"footnotes":""},"class_list":["post-57","page","type-page","status-publish","hentry","latest_post"],"_links":{"self":[{"href":"https:\/\/kardinalstepinacchicago.org\/hr\/wp-json\/wp\/v2\/pages\/57","targetHints":{"allow":["GET"]}}],"collection":[{"href":"https:\/\/kardinalstepinacchicago.org\/hr\/wp-json\/wp\/v2\/pages"}],"about":[{"href":"https:\/\/kardinalstepinacchicago.org\/hr\/wp-json\/wp\/v2\/types\/page"}],"author":[{"embeddable":true,"href":"https:\/\/kardinalstepinacchicago.org\/hr\/wp-json\/wp\/v2\/users\/1"}],"replies":[{"embeddable":true,"href":"https:\/\/kardinalstepinacchicago.org\/hr\/wp-json\/wp\/v2\/comments?post=57"}],"version-history":[{"count":30,"href":"https:\/\/kardinalstepinacchicago.org\/hr\/wp-json\/wp\/v2\/pages\/57\/revisions"}],"predecessor-version":[{"id":1258,"href":"https:\/\/kardinalstepinacchicago.org\/hr\/wp-json\/wp\/v2\/pages\/57\/revisions\/1258"}],"wp:attachment":[{"href":"https:\/\/kardinalstepinacchicago.org\/hr\/wp-json\/wp\/v2\/media?parent=57"}],"curies":[{"name":"wp","href":"https:\/\/api.w.org\/{rel}","templated":true}]}}