{"id":62,"date":"2017-05-16T16:19:28","date_gmt":"2017-05-16T16:19:28","guid":{"rendered":"http:\/\/stepinacskola.azurewebsites.net\/?page_id=62"},"modified":"2017-10-01T17:03:18","modified_gmt":"2017-10-01T23:03:18","slug":"library","status":"publish","type":"page","link":"https:\/\/kardinalstepinacchicago.org\/hr\/library\/","title":{"rendered":"Knji\u017enica"},"content":{"rendered":"<p><img loading=\"lazy\" decoding=\"async\" class=\"size-medium wp-image-905 alignright lazyload\" data-src=\"\/wp-content\/uploads\/2017\/07\/IMG_4107-225x300.jpg\" alt=\"\" width=\"225\" height=\"300\" data-srcset=\"\/wp-content\/uploads\/2017\/07\/IMG_4107-225x300.jpg 225w, \/wp-content\/uploads\/2017\/07\/IMG_4107-768x1024.jpg 768w, \/wp-content\/uploads\/2017\/07\/IMG_4107.jpg 1512w\" data-sizes=\"auto, (max-width: 225px) 100vw, 225px\" src=\"data:image\/gif;base64,R0lGODlhAQABAAAAACH5BAEKAAEALAAAAAABAAEAAAICTAEAOw==\" style=\"--smush-placeholder-width: 225px; --smush-placeholder-aspect-ratio: 225\/300;\" \/><noscript><img loading=\"lazy\" decoding=\"async\" class=\"size-medium wp-image-905 alignright\" src=\"\/wp-content\/uploads\/2017\/07\/IMG_4107-225x300.jpg\" alt=\"\" width=\"225\" height=\"300\" srcset=\"\/wp-content\/uploads\/2017\/07\/IMG_4107-225x300.jpg 225w, \/wp-content\/uploads\/2017\/07\/IMG_4107-768x1024.jpg 768w, \/wp-content\/uploads\/2017\/07\/IMG_4107.jpg 1512w\" sizes=\"auto, (max-width: 225px) 100vw, 225px\" \/><\/noscript>Tijekom \u0161kolske godine 2016.-17., jedan od na\u0161ih u\u010ditelja je predlo\u017eio osnivanje Knji\u017enice Hrvatske \u0161kole. Dok na\u0161i u\u010ditelji ohrabruju roditelje da \u010ditaju svojoj djeci doma knjige na hrvatskom jeziku, mnoge na\u0161e obitelji nemaju puno knjiga na hrvatskom kod ku\u0107e, posebice knjiga namijenjenih djeci i mladima. Kako bismo razrije\u0161ili potrebu za dje\u010djom literaturom u na\u0161oj \u0161koli, \u0160kolski odbor je odobrio prvotni iznos za knji\u017eni\u010dni fond Knji\u017enice Hrvatske \u0161kole u iznosu od $1,000. Nove knjige su najprije namijenjene djeci svih dobi (romani, kratke pri\u010de, vodi\u010di, itd.), a odre\u0111eni broj spomenutih knjiga se tako\u0111er mo\u017ee koristiti kao dodatni materijal u nastavi jezika i kulture.<\/p>\n<p>Prvotni fond knjiga (preko 100 knjiga, 10 DVD-a, 2 CD-ROM-a, 2 dru\u0161tvene igre, i ostala pomagala) je kupljen srpnja 2017. godine, te \u010deka na svoju kona\u010dnu lokaciju pri \u017eupi sv. Jeronima. Instalacija Knji\u017enice i Koordinacijskog ureda Hrvatske \u0161kole je predstoje\u0107i jesenski projekt na\u0161eg nastavni\u010dkog zbora.<\/p>\n<p>Molimo Vas da uzmete u obzir sljede\u0107e &#8211; prije no \u0161to dijete mo\u017ee po\u010deti posu\u0111ivati iz Hrvatske knji\u017enice, roditelji moraju potpisati Ugovor o kori\u0161tenju knji\u017enice, te predati isti nekome od \u010dlanova Odbora ili ravnateljici. Kliknite na sljede\u0107u poveznicu za preuzimanje Ugovora o kori\u0161tenju Hrvatske knji\u017enice: <a href=\"\/wp-content\/uploads\/2017\/10\/Croatian-Library-Use-Agreement-HRV.pdf\">Ugovor o kori\u0161tenju knji\u017enice<\/a><\/p>\n","protected":false},"excerpt":{"rendered":"<p>Tijekom \u0161kolske godine 2016.-17., jedan od na\u0161ih u\u010ditelja je predlo\u017eio osnivanje Knji\u017enice Hrvatske \u0161kole. Dok na\u0161i u\u010ditelji ohrabruju roditelje da \u010ditaju svojoj djeci doma knjige na hrvatskom jeziku, mnoge na\u0161e obitelji nemaju puno knjiga na hrvatskom kod ku\u0107e, posebice knjiga namijenjenih djeci i mladima. Kako bismo razrije\u0161ili potrebu za dje\u010djom literaturom u na\u0161oj \u0161koli, \u0160kolski [&hellip;]<\/p>\n","protected":false},"author":1,"featured_media":0,"parent":0,"menu_order":0,"comment_status":"closed","ping_status":"closed","template":"","meta":{"footnotes":""},"class_list":["post-62","page","type-page","status-publish","hentry","latest_post"],"_links":{"self":[{"href":"https:\/\/kardinalstepinacchicago.org\/hr\/wp-json\/wp\/v2\/pages\/62","targetHints":{"allow":["GET"]}}],"collection":[{"href":"https:\/\/kardinalstepinacchicago.org\/hr\/wp-json\/wp\/v2\/pages"}],"about":[{"href":"https:\/\/kardinalstepinacchicago.org\/hr\/wp-json\/wp\/v2\/types\/page"}],"author":[{"embeddable":true,"href":"https:\/\/kardinalstepinacchicago.org\/hr\/wp-json\/wp\/v2\/users\/1"}],"replies":[{"embeddable":true,"href":"https:\/\/kardinalstepinacchicago.org\/hr\/wp-json\/wp\/v2\/comments?post=62"}],"version-history":[{"count":15,"href":"https:\/\/kardinalstepinacchicago.org\/hr\/wp-json\/wp\/v2\/pages\/62\/revisions"}],"predecessor-version":[{"id":1252,"href":"https:\/\/kardinalstepinacchicago.org\/hr\/wp-json\/wp\/v2\/pages\/62\/revisions\/1252"}],"wp:attachment":[{"href":"https:\/\/kardinalstepinacchicago.org\/hr\/wp-json\/wp\/v2\/media?parent=62"}],"curies":[{"name":"wp","href":"https:\/\/api.w.org\/{rel}","templated":true}]}}