{"id":64,"date":"2017-05-16T16:19:30","date_gmt":"2017-05-16T16:19:30","guid":{"rendered":"http:\/\/stepinacskola.azurewebsites.net\/?page_id=64"},"modified":"2018-09-24T13:31:04","modified_gmt":"2018-09-24T19:31:04","slug":"annual-projects","status":"publish","type":"page","link":"https:\/\/kardinalstepinacchicago.org\/hr\/annual-projects\/","title":{"rendered":"Godi\u0161nji projekti"},"content":{"rendered":"<p><img loading=\"lazy\" decoding=\"async\" class=\"size-medium wp-image-1373 alignright lazyload\" data-src=\"\/wp-content\/uploads\/2018\/09\/god-projekti-1-300x225.jpg\" alt=\"\" width=\"300\" height=\"225\" data-srcset=\"\/wp-content\/uploads\/2018\/09\/god-projekti-1-300x225.jpg 300w, \/wp-content\/uploads\/2018\/09\/god-projekti-1-768x576.jpg 768w, \/wp-content\/uploads\/2018\/09\/god-projekti-1-360x270.jpg 360w, \/wp-content\/uploads\/2018\/09\/god-projekti-1.jpg 960w\" data-sizes=\"auto, (max-width: 300px) 100vw, 300px\" src=\"data:image\/gif;base64,R0lGODlhAQABAAAAACH5BAEKAAEALAAAAAABAAEAAAICTAEAOw==\" style=\"--smush-placeholder-width: 300px; --smush-placeholder-aspect-ratio: 300\/225;\" \/><noscript><img loading=\"lazy\" decoding=\"async\" class=\"size-medium wp-image-1373 alignright\" src=\"\/wp-content\/uploads\/2018\/09\/god-projekti-1-300x225.jpg\" alt=\"\" width=\"300\" height=\"225\" srcset=\"\/wp-content\/uploads\/2018\/09\/god-projekti-1-300x225.jpg 300w, \/wp-content\/uploads\/2018\/09\/god-projekti-1-768x576.jpg 768w, \/wp-content\/uploads\/2018\/09\/god-projekti-1-360x270.jpg 360w, \/wp-content\/uploads\/2018\/09\/god-projekti-1.jpg 960w\" sizes=\"auto, (max-width: 300px) 100vw, 300px\" \/><\/noscript><\/p>\n<p>Koncem svake \u0161kolske godine, na\u0161i u\u010denici marljivo rade na svojim godi\u0161njim projektima, koji su izlo\u017eeni tijekom priredbe za Maj\u010din dan, kako bi obitelji dobile uvid u gradivo putem primjera \u0161kolskog rada i tema, koje djeca obra\u0111uju tijekom godine. Ovo je tako\u0111er i prilika za u\u010denike da budu kreativni i iskoriste neke od svojih umjetni\u010dkih vje\u0161tina, odnosno talenata.<\/p>\n<p>Zadane teme godi\u0161njih projekata po razredima su obi\u010dno sljede\u0107e:<\/p>\n<p>Prvi razred &#8211;<\/p>\n<p>Moja obitelj<br \/>\nDrugi razred &#8211; Poka\u017ei i reci (Moja omiljena stvar)<br \/>\nTre\u0107i razred &#8211; Sve o meni!<br \/>\n\u010cetvrti razred &#8211; Usporedi Hrvatsku i Ameriku kroz Vennov dijagram<br \/>\nPeti razred &#8211; Domovina mojih roditelja<br \/>\n\u0160esti razred &#8211; Hrvatski pjeva\u010d\/pjeva\u010dica ili skupina<br \/>\nSedmi i osmi razred &#8211; Hrvatska ju\u010der, danas, sutra; Hrvatski velikani\/velikanke; Hrvatske regije<\/p>\n<p>Dolje mo\u017eete vidjeti samo nekoliko prekrasnih poster projekata, koje su na\u0161i u\u010denici napravili proteklih godina!<\/p>\n<p><img loading=\"lazy\" decoding=\"async\" class=\"alignnone size-medium wp-image-1374 lazyload\" data-src=\"\/wp-content\/uploads\/2018\/09\/god-projekti-2-300x225.jpg\" alt=\"\" width=\"300\" height=\"225\" data-srcset=\"\/wp-content\/uploads\/2018\/09\/god-projekti-2-300x225.jpg 300w, \/wp-content\/uploads\/2018\/09\/god-projekti-2-768x576.jpg 768w, \/wp-content\/uploads\/2018\/09\/god-projekti-2-360x270.jpg 360w, \/wp-content\/uploads\/2018\/09\/god-projekti-2.jpg 960w\" data-sizes=\"auto, (max-width: 300px) 100vw, 300px\" src=\"data:image\/gif;base64,R0lGODlhAQABAAAAACH5BAEKAAEALAAAAAABAAEAAAICTAEAOw==\" style=\"--smush-placeholder-width: 300px; --smush-placeholder-aspect-ratio: 300\/225;\" \/><noscript><img loading=\"lazy\" decoding=\"async\" class=\"alignnone size-medium wp-image-1374\" src=\"\/wp-content\/uploads\/2018\/09\/god-projekti-2-300x225.jpg\" alt=\"\" width=\"300\" height=\"225\" srcset=\"\/wp-content\/uploads\/2018\/09\/god-projekti-2-300x225.jpg 300w, \/wp-content\/uploads\/2018\/09\/god-projekti-2-768x576.jpg 768w, \/wp-content\/uploads\/2018\/09\/god-projekti-2-360x270.jpg 360w, \/wp-content\/uploads\/2018\/09\/god-projekti-2.jpg 960w\" sizes=\"auto, (max-width: 300px) 100vw, 300px\" \/><\/noscript> <img loading=\"lazy\" decoding=\"async\" class=\"alignnone size-medium wp-image-1375 lazyload\" data-src=\"\/wp-content\/uploads\/2018\/09\/god-projekti-3-300x225.jpg\" alt=\"\" width=\"300\" height=\"225\" data-srcset=\"\/wp-content\/uploads\/2018\/09\/god-projekti-3-300x225.jpg 300w, \/wp-content\/uploads\/2018\/09\/god-projekti-3-768x576.jpg 768w, \/wp-content\/uploads\/2018\/09\/god-projekti-3-360x270.jpg 360w, \/wp-content\/uploads\/2018\/09\/god-projekti-3.jpg 960w\" data-sizes=\"auto, (max-width: 300px) 100vw, 300px\" src=\"data:image\/gif;base64,R0lGODlhAQABAAAAACH5BAEKAAEALAAAAAABAAEAAAICTAEAOw==\" style=\"--smush-placeholder-width: 300px; --smush-placeholder-aspect-ratio: 300\/225;\" \/><noscript><img loading=\"lazy\" decoding=\"async\" class=\"alignnone size-medium wp-image-1375\" src=\"\/wp-content\/uploads\/2018\/09\/god-projekti-3-300x225.jpg\" alt=\"\" width=\"300\" height=\"225\" srcset=\"\/wp-content\/uploads\/2018\/09\/god-projekti-3-300x225.jpg 300w, \/wp-content\/uploads\/2018\/09\/god-projekti-3-768x576.jpg 768w, \/wp-content\/uploads\/2018\/09\/god-projekti-3-360x270.jpg 360w, \/wp-content\/uploads\/2018\/09\/god-projekti-3.jpg 960w\" sizes=\"auto, (max-width: 300px) 100vw, 300px\" \/><\/noscript><\/p>\n","protected":false},"excerpt":{"rendered":"<p>Koncem svake \u0161kolske godine, na\u0161i u\u010denici marljivo rade na svojim godi\u0161njim projektima, koji su izlo\u017eeni tijekom priredbe za Maj\u010din dan, kako bi obitelji dobile uvid u gradivo putem primjera \u0161kolskog rada i tema, koje djeca obra\u0111uju tijekom godine. Ovo je tako\u0111er i prilika za u\u010denike da budu kreativni i iskoriste neke od svojih umjetni\u010dkih vje\u0161tina, [&hellip;]<\/p>\n","protected":false},"author":1,"featured_media":0,"parent":0,"menu_order":0,"comment_status":"closed","ping_status":"closed","template":"","meta":{"footnotes":""},"class_list":["post-64","page","type-page","status-publish","hentry","latest_post"],"_links":{"self":[{"href":"https:\/\/kardinalstepinacchicago.org\/hr\/wp-json\/wp\/v2\/pages\/64","targetHints":{"allow":["GET"]}}],"collection":[{"href":"https:\/\/kardinalstepinacchicago.org\/hr\/wp-json\/wp\/v2\/pages"}],"about":[{"href":"https:\/\/kardinalstepinacchicago.org\/hr\/wp-json\/wp\/v2\/types\/page"}],"author":[{"embeddable":true,"href":"https:\/\/kardinalstepinacchicago.org\/hr\/wp-json\/wp\/v2\/users\/1"}],"replies":[{"embeddable":true,"href":"https:\/\/kardinalstepinacchicago.org\/hr\/wp-json\/wp\/v2\/comments?post=64"}],"version-history":[{"count":22,"href":"https:\/\/kardinalstepinacchicago.org\/hr\/wp-json\/wp\/v2\/pages\/64\/revisions"}],"predecessor-version":[{"id":1401,"href":"https:\/\/kardinalstepinacchicago.org\/hr\/wp-json\/wp\/v2\/pages\/64\/revisions\/1401"}],"wp:attachment":[{"href":"https:\/\/kardinalstepinacchicago.org\/hr\/wp-json\/wp\/v2\/media?parent=64"}],"curies":[{"name":"wp","href":"https:\/\/api.w.org\/{rel}","templated":true}]}}