{"id":65,"date":"2017-05-16T16:19:31","date_gmt":"2017-05-16T16:19:31","guid":{"rendered":"http:\/\/stepinacskola.azurewebsites.net\/?page_id=65"},"modified":"2017-07-31T00:19:13","modified_gmt":"2017-07-31T06:19:13","slug":"excursions","status":"publish","type":"page","link":"https:\/\/kardinalstepinacchicago.org\/hr\/excursions\/","title":{"rendered":"Izleti"},"content":{"rendered":"<p>Na\u0161a \u0161kola organizira nekoliko ekskurzija i izleta tijekom \u0161kolske godine. Neki od izleta uklju\u010duju sljede\u0107e posjete:<\/p>\n<p><strong><img loading=\"lazy\" decoding=\"async\" class=\"size-medium wp-image-881 alignright lazyload\" data-src=\"\/wp-content\/uploads\/2017\/07\/IMG_2359-300x225.jpg\" alt=\"\" width=\"300\" height=\"225\" data-srcset=\"\/wp-content\/uploads\/2017\/07\/IMG_2359-300x225.jpg 300w, \/wp-content\/uploads\/2017\/07\/IMG_2359-768x576.jpg 768w, \/wp-content\/uploads\/2017\/07\/IMG_2359-1024x768.jpg 1024w, \/wp-content\/uploads\/2017\/07\/IMG_2359-360x270.jpg 360w\" data-sizes=\"auto, (max-width: 300px) 100vw, 300px\" src=\"data:image\/gif;base64,R0lGODlhAQABAAAAACH5BAEKAAEALAAAAAABAAEAAAICTAEAOw==\" style=\"--smush-placeholder-width: 300px; --smush-placeholder-aspect-ratio: 300\/225;\" \/><noscript><img loading=\"lazy\" decoding=\"async\" class=\"size-medium wp-image-881 alignright\" src=\"\/wp-content\/uploads\/2017\/07\/IMG_2359-300x225.jpg\" alt=\"\" width=\"300\" height=\"225\" srcset=\"\/wp-content\/uploads\/2017\/07\/IMG_2359-300x225.jpg 300w, \/wp-content\/uploads\/2017\/07\/IMG_2359-768x576.jpg 768w, \/wp-content\/uploads\/2017\/07\/IMG_2359-1024x768.jpg 1024w, \/wp-content\/uploads\/2017\/07\/IMG_2359-360x270.jpg 360w\" sizes=\"auto, (max-width: 300px) 100vw, 300px\" \/><\/noscript>Berba jabuka<\/strong>, <a href=\"http:\/\/www.countylineorchard.com\/\">County Line Orchard<\/a>, Hobart, Indiana<\/p>\n<p>Mi u\u017eivamo posje\u0107ivati lokalne vo\u0107njake u jesen. Godine 2016., posjetili smo County Line Orchard u Hobartu, Indiana. Unato\u010d ki\u0161nom vremenu, na\u0161im u\u010denicima je bilo lijepo, te su u\u017eivali u berbi jabuka, posjetu malom zoolo\u0161kom vrtu i slu\u0161anju \u017eive glazbe u vo\u0107njaku!<\/p>\n<p><img loading=\"lazy\" decoding=\"async\" class=\"wp-image-878 alignleft lazyload\" data-src=\"\/wp-content\/uploads\/2017\/07\/DSC_0822-300x200.jpg\" alt=\"\" width=\"287\" height=\"192\" data-srcset=\"\/wp-content\/uploads\/2017\/07\/DSC_0822-300x200.jpg 300w, \/wp-content\/uploads\/2017\/07\/DSC_0822-768x512.jpg 768w, \/wp-content\/uploads\/2017\/07\/DSC_0822-1024x683.jpg 1024w\" data-sizes=\"auto, (max-width: 287px) 100vw, 287px\" src=\"data:image\/gif;base64,R0lGODlhAQABAAAAACH5BAEKAAEALAAAAAABAAEAAAICTAEAOw==\" style=\"--smush-placeholder-width: 287px; --smush-placeholder-aspect-ratio: 287\/192;\" \/><noscript><img loading=\"lazy\" decoding=\"async\" class=\" wp-image-878 alignleft\" src=\"\/wp-content\/uploads\/2017\/07\/DSC_0822-300x200.jpg\" alt=\"\" width=\"287\" height=\"192\" srcset=\"\/wp-content\/uploads\/2017\/07\/DSC_0822-300x200.jpg 300w, \/wp-content\/uploads\/2017\/07\/DSC_0822-768x512.jpg 768w, \/wp-content\/uploads\/2017\/07\/DSC_0822-1024x683.jpg 1024w\" sizes=\"auto, (max-width: 287px) 100vw, 287px\" \/><\/noscript><strong><a href=\"https:\/\/sniteartmuseum.nd.edu\/assets\/134727\/mestrovic2_8.5_mb_pdf_.pdf\">Ivan Me\u0161trovi\u0107 na Notre Dame-u<\/a>,<\/strong> <a href=\"https:\/\/www.nd.edu\/\">Notre Dame University<\/a>, South Bend, Indiana<\/p>\n<p>Svake druge godine, na\u0161i u\u010denici 6., 7. i 8. razreda imaju prilike posjetiti Sveu\u010dili\u0161te Notre Dame, dom mnogih prekrasnih kipova glasovitog hrvatskog kipara, Ivana Me\u0161trovi\u0107a, koji je proveo posljednji dio svog \u017eivota upravo na Notre Dame-u.<\/p>\n<p><strong><img loading=\"lazy\" decoding=\"async\" class=\"wp-image-982 alignright lazyload\" data-src=\"\/wp-content\/uploads\/2017\/07\/roller-300x165.jpg\" alt=\"\" width=\"325\" height=\"179\" data-srcset=\"\/wp-content\/uploads\/2017\/07\/roller-300x165.jpg 300w, \/wp-content\/uploads\/2017\/07\/roller.jpg 437w\" data-sizes=\"auto, (max-width: 325px) 100vw, 325px\" src=\"data:image\/gif;base64,R0lGODlhAQABAAAAACH5BAEKAAEALAAAAAABAAEAAAICTAEAOw==\" style=\"--smush-placeholder-width: 325px; --smush-placeholder-aspect-ratio: 325\/179;\" \/><noscript><img loading=\"lazy\" decoding=\"async\" class=\" wp-image-982 alignright\" src=\"\/wp-content\/uploads\/2017\/07\/roller-300x165.jpg\" alt=\"\" width=\"325\" height=\"179\" srcset=\"\/wp-content\/uploads\/2017\/07\/roller-300x165.jpg 300w, \/wp-content\/uploads\/2017\/07\/roller.jpg 437w\" sizes=\"auto, (max-width: 325px) 100vw, 325px\" \/><\/noscript><\/strong><b>Tulum uz rolanje<\/b>, podru\u010dje Chicaga<\/p>\n<p>Koncem mjeseca sije\u010dnja, tijekom tjedna Katoli\u010dkih \u0161kola, na\u0161a \u0161kola tipi\u010dno organizira izlet na rolanje. \u0160kola obi\u010dno sura\u0111uje s upravom dvorane za rolanje kako bi osigurala da hrvatska pop glazba bude uklju\u010dena u listu pjesama tijekom na\u0161eg tuluma uz rolanje!<\/p>\n<p><strong><img loading=\"lazy\" decoding=\"async\" class=\"wp-image-990 alignleft lazyload\" data-src=\"\/wp-content\/uploads\/2017\/07\/IMG_3147-300x225.jpg\" alt=\"\" width=\"324\" height=\"243\" data-srcset=\"\/wp-content\/uploads\/2017\/07\/IMG_3147-300x225.jpg 300w, \/wp-content\/uploads\/2017\/07\/IMG_3147-768x576.jpg 768w, \/wp-content\/uploads\/2017\/07\/IMG_3147-1024x768.jpg 1024w, \/wp-content\/uploads\/2017\/07\/IMG_3147-360x270.jpg 360w, \/wp-content\/uploads\/2017\/07\/IMG_3147.jpg 2016w\" data-sizes=\"auto, (max-width: 324px) 100vw, 324px\" src=\"data:image\/gif;base64,R0lGODlhAQABAAAAACH5BAEKAAEALAAAAAABAAEAAAICTAEAOw==\" style=\"--smush-placeholder-width: 324px; --smush-placeholder-aspect-ratio: 324\/243;\" \/><noscript><img loading=\"lazy\" decoding=\"async\" class=\" wp-image-990 alignleft\" src=\"\/wp-content\/uploads\/2017\/07\/IMG_3147-300x225.jpg\" alt=\"\" width=\"324\" height=\"243\" srcset=\"\/wp-content\/uploads\/2017\/07\/IMG_3147-300x225.jpg 300w, \/wp-content\/uploads\/2017\/07\/IMG_3147-768x576.jpg 768w, \/wp-content\/uploads\/2017\/07\/IMG_3147-1024x768.jpg 1024w, \/wp-content\/uploads\/2017\/07\/IMG_3147-360x270.jpg 360w, \/wp-content\/uploads\/2017\/07\/IMG_3147.jpg 2016w\" sizes=\"auto, (max-width: 324px) 100vw, 324px\" \/><\/noscript><\/strong><b>Izleti u zoolo\u0161ke vrtove<\/b>, <a href=\"http:\/\/www.lpzoo.org\/\">Lincoln Park Zoo<\/a>\u00a0i\u00a0<a href=\"https:\/\/www.czs.org\/Brookfield-ZOO\/Home\">Brookfield Zoo<\/a>, podru\u010dje Chicaga<\/p>\n<p>Koncem \u0161kolske godine, nakon na\u0161e priredbe za Maj\u010din dan, na\u0161i u\u010denici od dje\u010djeg vrti\u0107a do 8. razreda u\u017eivaju u posjetu jednom od dva zoolo\u0161ka vrta u Chicagu. Ovo je krasan, opu\u0161taju\u0107i izlet tijekom kojeg u\u017eivamo u dru\u017eenju jedni s drugima, razgovaramo o pro\u0161loj godini, te o ljetnim planovima, a sve to dok razgledavamo zanimljive \u017eivotinje.<\/p>\n","protected":false},"excerpt":{"rendered":"<p>Na\u0161a \u0161kola organizira nekoliko ekskurzija i izleta tijekom \u0161kolske godine. Neki od izleta uklju\u010duju sljede\u0107e posjete: Berba jabuka, County Line Orchard, Hobart, Indiana Mi u\u017eivamo posje\u0107ivati lokalne vo\u0107njake u jesen. Godine 2016., posjetili smo County Line Orchard u Hobartu, Indiana. Unato\u010d ki\u0161nom vremenu, na\u0161im u\u010denicima je bilo lijepo, te su u\u017eivali u berbi jabuka, posjetu [&hellip;]<\/p>\n","protected":false},"author":1,"featured_media":0,"parent":0,"menu_order":0,"comment_status":"closed","ping_status":"closed","template":"","meta":{"footnotes":""},"class_list":["post-65","page","type-page","status-publish","hentry","latest_post"],"_links":{"self":[{"href":"https:\/\/kardinalstepinacchicago.org\/hr\/wp-json\/wp\/v2\/pages\/65","targetHints":{"allow":["GET"]}}],"collection":[{"href":"https:\/\/kardinalstepinacchicago.org\/hr\/wp-json\/wp\/v2\/pages"}],"about":[{"href":"https:\/\/kardinalstepinacchicago.org\/hr\/wp-json\/wp\/v2\/types\/page"}],"author":[{"embeddable":true,"href":"https:\/\/kardinalstepinacchicago.org\/hr\/wp-json\/wp\/v2\/users\/1"}],"replies":[{"embeddable":true,"href":"https:\/\/kardinalstepinacchicago.org\/hr\/wp-json\/wp\/v2\/comments?post=65"}],"version-history":[{"count":19,"href":"https:\/\/kardinalstepinacchicago.org\/hr\/wp-json\/wp\/v2\/pages\/65\/revisions"}],"predecessor-version":[{"id":1000,"href":"https:\/\/kardinalstepinacchicago.org\/hr\/wp-json\/wp\/v2\/pages\/65\/revisions\/1000"}],"wp:attachment":[{"href":"https:\/\/kardinalstepinacchicago.org\/hr\/wp-json\/wp\/v2\/media?parent=65"}],"curies":[{"name":"wp","href":"https:\/\/api.w.org\/{rel}","templated":true}]}}