{"id":66,"date":"2017-05-16T16:19:32","date_gmt":"2017-05-16T16:19:32","guid":{"rendered":"http:\/\/stepinacskola.azurewebsites.net\/?page_id=66"},"modified":"2017-07-30T23:08:15","modified_gmt":"2017-07-31T05:08:15","slug":"performances","status":"publish","type":"page","link":"https:\/\/kardinalstepinacchicago.org\/hr\/performances\/","title":{"rendered":"Nastupi"},"content":{"rendered":"<p><img loading=\"lazy\" decoding=\"async\" class=\"wp-image-144 alignright lazyload\" data-src=\"\/wp-content\/uploads\/2017\/05\/IMG_3012-300x163.jpg\" alt=\"\" width=\"432\" height=\"235\" data-srcset=\"\/wp-content\/uploads\/2017\/05\/IMG_3012-300x163.jpg 300w, \/wp-content\/uploads\/2017\/05\/IMG_3012-768x418.jpg 768w, \/wp-content\/uploads\/2017\/05\/IMG_3012-1024x557.jpg 1024w\" data-sizes=\"auto, (max-width: 432px) 100vw, 432px\" src=\"data:image\/gif;base64,R0lGODlhAQABAAAAACH5BAEKAAEALAAAAAABAAEAAAICTAEAOw==\" style=\"--smush-placeholder-width: 432px; --smush-placeholder-aspect-ratio: 432\/235;\" \/><noscript><img loading=\"lazy\" decoding=\"async\" class=\" wp-image-144 alignright\" src=\"\/wp-content\/uploads\/2017\/05\/IMG_3012-300x163.jpg\" alt=\"\" width=\"432\" height=\"235\" srcset=\"\/wp-content\/uploads\/2017\/05\/IMG_3012-300x163.jpg 300w, \/wp-content\/uploads\/2017\/05\/IMG_3012-768x418.jpg 768w, \/wp-content\/uploads\/2017\/05\/IMG_3012-1024x557.jpg 1024w\" sizes=\"auto, (max-width: 432px) 100vw, 432px\" \/><\/noscript>Jeste li mo\u017eda novi \u010dlan\/ica Hrvatske \u0161kole, te Vas zanima kad \u0107e Va\u0161e dijete imati prilike nastupati na nekome doga\u0111aju ili festivalu?<\/p>\n<p>Dolje su navedeni neki od doga\u0111aja na kojima na\u0161a \u0161kola redovito sudjeluje.<\/p>\n<p><b>Prosinac<\/b><\/p>\n<p><a href=\"http:\/\/www.msichicago.org\/explore\/whats-here\/exhibits\/christmas-around-the-world\/\">Bo\u017ei\u0107 diljem svijeta<\/a>, Muzej znanosti i industrije, Chicago<\/p>\n<p>Bo\u017ei\u0107ni program, Crkva sv. Jeronima, Velika dvorana, Chicago<\/p>\n<p><strong>Velja\u010da\u00a0<\/strong><\/p>\n<p>Stepin\u010devo vikend,\u00a0Crkva sv. Jeronima, Velika dvorana, Chicago<\/p>\n<p><b>Travanj<\/b><\/p>\n<p>Hrvatski folklorni festival, New York City<\/p>\n<p>Godi\u0161nji koncert, Benito Juarez Community Academy (ili sli\u010dno), Chicago<\/p>\n<p><b>Svibanj<\/b><\/p>\n<p><a href=\"https:\/\/www.facebook.com\/croamdays\/\">Hrvatsko-ameri\u010dki dani<\/a>, Daley Plaza, Chicago<\/p>\n<p>Program za Maj\u010din dan,\u00a0Crkva sv. Jeronima, Velika dvorana, Chicago<\/p>\n<p><a href=\"http:\/\/www.hkfsavez.com\/\">Hrvatsko-kanadski folklorni festival<\/a>, Hrvatsko-kanadski folklorni savez, podru\u010dje Toronta, Kanada<\/p>\n<p><b>Srpanj (svake \u010detiri godine)<\/b><\/p>\n<p>Domovinska turneja, Republika Hrvatska<\/p>\n","protected":false},"excerpt":{"rendered":"<p>Jeste li mo\u017eda novi \u010dlan\/ica Hrvatske \u0161kole, te Vas zanima kad \u0107e Va\u0161e dijete imati prilike nastupati na nekome doga\u0111aju ili festivalu? Dolje su navedeni neki od doga\u0111aja na kojima na\u0161a \u0161kola redovito sudjeluje. Prosinac Bo\u017ei\u0107 diljem svijeta, Muzej znanosti i industrije, Chicago Bo\u017ei\u0107ni program, Crkva sv. Jeronima, Velika dvorana, Chicago Velja\u010da\u00a0 Stepin\u010devo vikend,\u00a0Crkva sv. [&hellip;]<\/p>\n","protected":false},"author":1,"featured_media":0,"parent":0,"menu_order":0,"comment_status":"closed","ping_status":"closed","template":"","meta":{"footnotes":""},"class_list":["post-66","page","type-page","status-publish","hentry","latest_post"],"_links":{"self":[{"href":"https:\/\/kardinalstepinacchicago.org\/hr\/wp-json\/wp\/v2\/pages\/66","targetHints":{"allow":["GET"]}}],"collection":[{"href":"https:\/\/kardinalstepinacchicago.org\/hr\/wp-json\/wp\/v2\/pages"}],"about":[{"href":"https:\/\/kardinalstepinacchicago.org\/hr\/wp-json\/wp\/v2\/types\/page"}],"author":[{"embeddable":true,"href":"https:\/\/kardinalstepinacchicago.org\/hr\/wp-json\/wp\/v2\/users\/1"}],"replies":[{"embeddable":true,"href":"https:\/\/kardinalstepinacchicago.org\/hr\/wp-json\/wp\/v2\/comments?post=66"}],"version-history":[{"count":16,"href":"https:\/\/kardinalstepinacchicago.org\/hr\/wp-json\/wp\/v2\/pages\/66\/revisions"}],"predecessor-version":[{"id":980,"href":"https:\/\/kardinalstepinacchicago.org\/hr\/wp-json\/wp\/v2\/pages\/66\/revisions\/980"}],"wp:attachment":[{"href":"https:\/\/kardinalstepinacchicago.org\/hr\/wp-json\/wp\/v2\/media?parent=66"}],"curies":[{"name":"wp","href":"https:\/\/api.w.org\/{rel}","templated":true}]}}