{"id":9,"date":"2017-05-16T16:08:35","date_gmt":"2017-05-16T16:08:35","guid":{"rendered":"http:\/\/stepinacskola.azurewebsites.net\/?page_id=9"},"modified":"2017-07-31T23:06:21","modified_gmt":"2017-08-01T05:06:21","slug":"about-us","status":"publish","type":"page","link":"https:\/\/kardinalstepinacchicago.org\/hr\/about-us\/","title":{"rendered":"O nama"},"content":{"rendered":"<p><img loading=\"lazy\" decoding=\"async\" class=\"wp-image-123 alignright lazyload\" data-src=\"\/wp-content\/uploads\/2017\/05\/st-jerome-school-300x225.jpg\" alt=\"\" width=\"408\" height=\"306\" data-srcset=\"\/wp-content\/uploads\/2017\/05\/st-jerome-school-300x225.jpg 300w, \/wp-content\/uploads\/2017\/05\/st-jerome-school-768x576.jpg 768w, \/wp-content\/uploads\/2017\/05\/st-jerome-school.jpg 1000w\" data-sizes=\"auto, (max-width: 408px) 100vw, 408px\" src=\"data:image\/gif;base64,R0lGODlhAQABAAAAACH5BAEKAAEALAAAAAABAAEAAAICTAEAOw==\" style=\"--smush-placeholder-width: 408px; --smush-placeholder-aspect-ratio: 408\/306;\" \/><noscript><img loading=\"lazy\" decoding=\"async\" class=\" wp-image-123 alignright\" src=\"\/wp-content\/uploads\/2017\/05\/st-jerome-school-300x225.jpg\" alt=\"\" width=\"408\" height=\"306\" srcset=\"\/wp-content\/uploads\/2017\/05\/st-jerome-school-300x225.jpg 300w, \/wp-content\/uploads\/2017\/05\/st-jerome-school-768x576.jpg 768w, \/wp-content\/uploads\/2017\/05\/st-jerome-school.jpg 1000w\" sizes=\"auto, (max-width: 408px) 100vw, 408px\" \/><\/noscript><\/p>\n<p>Hrvatska \u0161kola &#8220;Kardinal Alojzije Stepinac&#8221; je kulturno-odgojna ustanova sa sjedi\u0161tem u Chicagu, dr\u017eava Illinois. Osnovana je 1973. godine i povezana s hrvatskom crkvom i \u017eupom sv. Jeronima. Misija Hrvatske \u0161kole &#8220;Kardinal Alojzije Stepinac&#8221; je pou\u010davati hrvatski jezik, povijest hrvatskoga naroda, hrvatski zemljopis, uklju\u010duju\u0107i sve zemlje u kojima Hrvati \u017eive, kao i hrvatsku kulturu, glazbu, plesove i obi\u010daje.<\/p>\n<p>\u0160kola trenuta\u010dno broji oko 100 u\u010denika, od kojih je 80 upisano u razrede osnovne \u0161kole od vrti\u0107ke dobi do 8. razreda, dok su preostali dio u\u010denici srednjo\u0161kolske dobi, koji su \u010dlanovi plesne skupine mlade\u017ei, &#8220;Klub Stepinac&#8221;. \u0160kola upo\u0161ljava osmero u\u010ditelja jezika i kulture, jednog u\u010ditelja plesa i jednog u\u010ditelja tambure. Vodstvo \u0161kole \u010dine \u0160kolski odbor, ravnatelj, te mnogi volonteri.<\/p>\n<p>Ponosni smo na na\u0161 dugogodi\u0161nji obrazovni rad u hrvatskoj zajednici Chicaga i pozivamo vas da nas posjetite!<\/p>\n","protected":false},"excerpt":{"rendered":"<p>Hrvatska \u0161kola &#8220;Kardinal Alojzije Stepinac&#8221; je kulturno-odgojna ustanova sa sjedi\u0161tem u Chicagu, dr\u017eava Illinois. Osnovana je 1973. godine i povezana s hrvatskom crkvom i \u017eupom sv. Jeronima. Misija Hrvatske \u0161kole &#8220;Kardinal Alojzije Stepinac&#8221; je pou\u010davati hrvatski jezik, povijest hrvatskoga naroda, hrvatski zemljopis, uklju\u010duju\u0107i sve zemlje u kojima Hrvati \u017eive, kao i hrvatsku kulturu, glazbu, plesove [&hellip;]<\/p>\n","protected":false},"author":1,"featured_media":0,"parent":0,"menu_order":0,"comment_status":"closed","ping_status":"closed","template":"","meta":{"footnotes":""},"class_list":["post-9","page","type-page","status-publish","hentry","latest_post"],"_links":{"self":[{"href":"https:\/\/kardinalstepinacchicago.org\/hr\/wp-json\/wp\/v2\/pages\/9","targetHints":{"allow":["GET"]}}],"collection":[{"href":"https:\/\/kardinalstepinacchicago.org\/hr\/wp-json\/wp\/v2\/pages"}],"about":[{"href":"https:\/\/kardinalstepinacchicago.org\/hr\/wp-json\/wp\/v2\/types\/page"}],"author":[{"embeddable":true,"href":"https:\/\/kardinalstepinacchicago.org\/hr\/wp-json\/wp\/v2\/users\/1"}],"replies":[{"embeddable":true,"href":"https:\/\/kardinalstepinacchicago.org\/hr\/wp-json\/wp\/v2\/comments?post=9"}],"version-history":[{"count":11,"href":"https:\/\/kardinalstepinacchicago.org\/hr\/wp-json\/wp\/v2\/pages\/9\/revisions"}],"predecessor-version":[{"id":1058,"href":"https:\/\/kardinalstepinacchicago.org\/hr\/wp-json\/wp\/v2\/pages\/9\/revisions\/1058"}],"wp:attachment":[{"href":"https:\/\/kardinalstepinacchicago.org\/hr\/wp-json\/wp\/v2\/media?parent=9"}],"curies":[{"name":"wp","href":"https:\/\/api.w.org\/{rel}","templated":true}]}}